{"id":20928,"date":"2025-05-31T19:42:09","date_gmt":"2025-05-31T17:42:09","guid":{"rendered":"https:\/\/www.bimbibellidischia.it\/?post_type=product&#038;p=20928"},"modified":"2025-12-16T12:51:50","modified_gmt":"2025-12-16T11:51:50","slug":"cassetta-degli-attrezzi","status":"publish","type":"product","link":"https:\/\/www.bimbibellidischia.it\/?product=cassetta-degli-attrezzi","title":{"rendered":"Cassetta degli attrezzi"},"content":{"rendered":"<p>Aiuta con tutte le faccende domestiche! Con l&#8217;aiuto di questa pratica cassetta degli attrezzi, tutto pu\u00f2 essere fatto. Con il tuo martello, cacciavite e chiave inglese, hai tutti gli strumenti necessari per creare o riparare il tuo progetto. Con i diversi componenti come pannelli, bulloni e dadi, puoi avvitare e ruotare tutto insieme. E sapevi che la cassetta degli attrezzi non \u00e8 solo una scatola per riporre i tuoi attrezzi? \u00c8 anche un banco da lavoro! La cassetta degli attrezzi ispira il gioco di ruolo e aiuter\u00e0 a sviluppare le capacit\u00e0 motorie, la creativit\u00e0 e l&#8217;immaginazione del tuo bambino. Combinalo con il banco da lavoro per creare un palcoscenico in cui il tuo bambino possa immergersi completamente nel gioco di ruolo. Ore di gioco garantite per il tuo piccolo tuttofare.<\/p>\n<p>&nbsp;<\/p>\n<div id=\"tw-target-text-container\" class=\"tw-ta-container tw-nfl\" tabindex=\"0\" role=\"text\">\n<pre id=\"tw-target-text\" class=\"tw-data-text tw-text-large tw-ta\" dir=\"ltr\" data-placeholder=\"Traduzione\" data-ved=\"2ahUKEwj9mOvbmc6NAxVc9bsIHbx2Ic4Q3ewLegQICRAV\" aria-label=\"Testo tradotto: Et\u00e0 minima 3+ anni\"><span class=\"Y2IQFc\" lang=\"it\">Et\u00e0 minima 3+ anni<\/span><\/pre>\n<\/div>\n<div id=\"tw-target-rmn-container\" class=\"tw-target-rmn tw-ta-container tw-nfl\" tabindex=\"0\" role=\"text\">\n<pre id=\"tw-target-rmn\" class=\"tw-data-placeholder tw-text-small tw-ta\" dir=\"ltr\" data-placeholder=\"\"><\/pre>\n<\/div>\n<div class=\"iYB33c\"><\/div>\n","protected":false},"excerpt":{"rendered":"<p>Aiuta con tutte le faccende domestiche! Con l&#8217;aiuto di questa pratica cassetta degli attrezzi, tutto pu\u00f2 essere fatto. Con il&#8230;<\/p>\n","protected":false},"featured_media":20929,"comment_status":"open","ping_status":"closed","template":"","meta":{"_joinchat":[]},"product_brand":[],"product_cat":[211,267,283],"product_tag":[],"class_list":{"0":"post-20928","1":"product","2":"type-product","3":"status-publish","4":"has-post-thumbnail","6":"product_cat-accessori-maschio","7":"product_cat-free-time-maschio","8":"product_cat-marchio-little-dutch-bimbibelli","10":"first","11":"outofstock","12":"sold-individually","13":"shipping-taxable","14":"purchasable","15":"product-type-simple"},"yoast_head":"<!-- This site is optimized with the Yoast SEO plugin v27.3 - https:\/\/yoast.com\/product\/yoast-seo-wordpress\/ -->\n<title>Cassetta degli attrezzi | Bimbi Belli d&#039;Ischia<\/title>\n<meta name=\"robots\" content=\"index, follow, max-snippet:-1, max-image-preview:large, max-video-preview:-1\" \/>\n<link rel=\"canonical\" href=\"https:\/\/www.bimbibellidischia.it\/?product=cassetta-degli-attrezzi\" \/>\n<meta property=\"og:locale\" content=\"it_IT\" \/>\n<meta property=\"og:type\" content=\"article\" \/>\n<meta property=\"og:title\" content=\"Cassetta degli attrezzi | Bimbi Belli d&#039;Ischia\" \/>\n<meta property=\"og:description\" content=\"Aiuta con tutte le faccende domestiche! Con l&#8217;aiuto di questa pratica cassetta degli attrezzi, tutto pu\u00f2 essere fatto. Con il...\" \/>\n<meta property=\"og:url\" content=\"https:\/\/www.bimbibellidischia.it\/?product=cassetta-degli-attrezzi\" \/>\n<meta property=\"og:site_name\" content=\"Bimbi Belli d&#039;Ischia\" \/>\n<meta property=\"article:publisher\" content=\"https:\/\/www.facebook.com\/bimbibellidischia\/\" \/>\n<meta property=\"article:modified_time\" content=\"2025-12-16T11:51:50+00:00\" \/>\n<meta property=\"og:image\" content=\"https:\/\/www.bimbibellidischia.it\/wp-content\/uploads\/2025\/05\/0000680.webp\" \/>\n\t<meta property=\"og:image:width\" content=\"480\" \/>\n\t<meta property=\"og:image:height\" content=\"480\" \/>\n\t<meta property=\"og:image:type\" content=\"image\/webp\" \/>\n<meta name=\"twitter:card\" content=\"summary_large_image\" \/>\n<meta name=\"twitter:label1\" content=\"Tempo di lettura stimato\" \/>\n\t<meta name=\"twitter:data1\" content=\"1 minuto\" \/>\n<script type=\"application\/ld+json\" class=\"yoast-schema-graph\">{\"@context\":\"https:\\\/\\\/schema.org\",\"@graph\":[{\"@type\":\"WebPage\",\"@id\":\"https:\\\/\\\/www.bimbibellidischia.it\\\/?product=cassetta-degli-attrezzi\",\"url\":\"https:\\\/\\\/www.bimbibellidischia.it\\\/?product=cassetta-degli-attrezzi\",\"name\":\"Cassetta degli attrezzi | Bimbi Belli d'Ischia\",\"isPartOf\":{\"@id\":\"https:\\\/\\\/www.bimbibellidischia.it\\\/#website\"},\"primaryImageOfPage\":{\"@id\":\"https:\\\/\\\/www.bimbibellidischia.it\\\/?product=cassetta-degli-attrezzi#primaryimage\"},\"image\":{\"@id\":\"https:\\\/\\\/www.bimbibellidischia.it\\\/?product=cassetta-degli-attrezzi#primaryimage\"},\"thumbnailUrl\":\"https:\\\/\\\/www.bimbibellidischia.it\\\/wp-content\\\/uploads\\\/2025\\\/05\\\/0000680.webp\",\"datePublished\":\"2025-05-31T17:42:09+00:00\",\"dateModified\":\"2025-12-16T11:51:50+00:00\",\"breadcrumb\":{\"@id\":\"https:\\\/\\\/www.bimbibellidischia.it\\\/?product=cassetta-degli-attrezzi#breadcrumb\"},\"inLanguage\":\"it-IT\",\"potentialAction\":[{\"@type\":\"ReadAction\",\"target\":[\"https:\\\/\\\/www.bimbibellidischia.it\\\/?product=cassetta-degli-attrezzi\"]}]},{\"@type\":\"ImageObject\",\"inLanguage\":\"it-IT\",\"@id\":\"https:\\\/\\\/www.bimbibellidischia.it\\\/?product=cassetta-degli-attrezzi#primaryimage\",\"url\":\"https:\\\/\\\/www.bimbibellidischia.it\\\/wp-content\\\/uploads\\\/2025\\\/05\\\/0000680.webp\",\"contentUrl\":\"https:\\\/\\\/www.bimbibellidischia.it\\\/wp-content\\\/uploads\\\/2025\\\/05\\\/0000680.webp\",\"width\":480,\"height\":480},{\"@type\":\"BreadcrumbList\",\"@id\":\"https:\\\/\\\/www.bimbibellidischia.it\\\/?product=cassetta-degli-attrezzi#breadcrumb\",\"itemListElement\":[{\"@type\":\"ListItem\",\"position\":1,\"name\":\"Home\",\"item\":\"https:\\\/\\\/www.bimbibellidischia.it\\\/\"},{\"@type\":\"ListItem\",\"position\":2,\"name\":\"Shop\",\"item\":\"https:\\\/\\\/www.bimbibellidischia.it\\\/?page_id=870\"},{\"@type\":\"ListItem\",\"position\":3,\"name\":\"Cassetta degli attrezzi\"}]},{\"@type\":\"WebSite\",\"@id\":\"https:\\\/\\\/www.bimbibellidischia.it\\\/#website\",\"url\":\"https:\\\/\\\/www.bimbibellidischia.it\\\/\",\"name\":\"Bimbi Belli d'Ischia\",\"description\":\"\",\"publisher\":{\"@id\":\"https:\\\/\\\/www.bimbibellidischia.it\\\/#organization\"},\"potentialAction\":[{\"@type\":\"SearchAction\",\"target\":{\"@type\":\"EntryPoint\",\"urlTemplate\":\"https:\\\/\\\/www.bimbibellidischia.it\\\/?s={search_term_string}\"},\"query-input\":{\"@type\":\"PropertyValueSpecification\",\"valueRequired\":true,\"valueName\":\"search_term_string\"}}],\"inLanguage\":\"it-IT\"},{\"@type\":\"Organization\",\"@id\":\"https:\\\/\\\/www.bimbibellidischia.it\\\/#organization\",\"name\":\"Bimbi Belli d'Ischia\",\"url\":\"https:\\\/\\\/www.bimbibellidischia.it\\\/\",\"logo\":{\"@type\":\"ImageObject\",\"inLanguage\":\"it-IT\",\"@id\":\"https:\\\/\\\/www.bimbibellidischia.it\\\/#\\\/schema\\\/logo\\\/image\\\/\",\"url\":\"https:\\\/\\\/www.bimbibellidischia.it\\\/wp-content\\\/uploads\\\/2020\\\/07\\\/cropped-bigliettino_avanti2__1_-removebg-2.png\",\"contentUrl\":\"https:\\\/\\\/www.bimbibellidischia.it\\\/wp-content\\\/uploads\\\/2020\\\/07\\\/cropped-bigliettino_avanti2__1_-removebg-2.png\",\"width\":200,\"height\":59,\"caption\":\"Bimbi Belli d'Ischia\"},\"image\":{\"@id\":\"https:\\\/\\\/www.bimbibellidischia.it\\\/#\\\/schema\\\/logo\\\/image\\\/\"},\"sameAs\":[\"https:\\\/\\\/www.facebook.com\\\/bimbibellidischia\\\/\",\"https:\\\/\\\/www.instagram.com\\\/bimbibellidischia\\\/\"]}]}<\/script>\n<!-- \/ Yoast SEO plugin. -->","yoast_head_json":{"title":"Cassetta degli attrezzi | Bimbi Belli d'Ischia","robots":{"index":"index","follow":"follow","max-snippet":"max-snippet:-1","max-image-preview":"max-image-preview:large","max-video-preview":"max-video-preview:-1"},"canonical":"https:\/\/www.bimbibellidischia.it\/?product=cassetta-degli-attrezzi","og_locale":"it_IT","og_type":"article","og_title":"Cassetta degli attrezzi | Bimbi Belli d'Ischia","og_description":"Aiuta con tutte le faccende domestiche! Con l&#8217;aiuto di questa pratica cassetta degli attrezzi, tutto pu\u00f2 essere fatto. Con il...","og_url":"https:\/\/www.bimbibellidischia.it\/?product=cassetta-degli-attrezzi","og_site_name":"Bimbi Belli d'Ischia","article_publisher":"https:\/\/www.facebook.com\/bimbibellidischia\/","article_modified_time":"2025-12-16T11:51:50+00:00","og_image":[{"width":480,"height":480,"url":"https:\/\/www.bimbibellidischia.it\/wp-content\/uploads\/2025\/05\/0000680.webp","type":"image\/webp"}],"twitter_card":"summary_large_image","twitter_misc":{"Tempo di lettura stimato":"1 minuto"},"schema":{"@context":"https:\/\/schema.org","@graph":[{"@type":"WebPage","@id":"https:\/\/www.bimbibellidischia.it\/?product=cassetta-degli-attrezzi","url":"https:\/\/www.bimbibellidischia.it\/?product=cassetta-degli-attrezzi","name":"Cassetta degli attrezzi | Bimbi Belli d'Ischia","isPartOf":{"@id":"https:\/\/www.bimbibellidischia.it\/#website"},"primaryImageOfPage":{"@id":"https:\/\/www.bimbibellidischia.it\/?product=cassetta-degli-attrezzi#primaryimage"},"image":{"@id":"https:\/\/www.bimbibellidischia.it\/?product=cassetta-degli-attrezzi#primaryimage"},"thumbnailUrl":"https:\/\/www.bimbibellidischia.it\/wp-content\/uploads\/2025\/05\/0000680.webp","datePublished":"2025-05-31T17:42:09+00:00","dateModified":"2025-12-16T11:51:50+00:00","breadcrumb":{"@id":"https:\/\/www.bimbibellidischia.it\/?product=cassetta-degli-attrezzi#breadcrumb"},"inLanguage":"it-IT","potentialAction":[{"@type":"ReadAction","target":["https:\/\/www.bimbibellidischia.it\/?product=cassetta-degli-attrezzi"]}]},{"@type":"ImageObject","inLanguage":"it-IT","@id":"https:\/\/www.bimbibellidischia.it\/?product=cassetta-degli-attrezzi#primaryimage","url":"https:\/\/www.bimbibellidischia.it\/wp-content\/uploads\/2025\/05\/0000680.webp","contentUrl":"https:\/\/www.bimbibellidischia.it\/wp-content\/uploads\/2025\/05\/0000680.webp","width":480,"height":480},{"@type":"BreadcrumbList","@id":"https:\/\/www.bimbibellidischia.it\/?product=cassetta-degli-attrezzi#breadcrumb","itemListElement":[{"@type":"ListItem","position":1,"name":"Home","item":"https:\/\/www.bimbibellidischia.it\/"},{"@type":"ListItem","position":2,"name":"Shop","item":"https:\/\/www.bimbibellidischia.it\/?page_id=870"},{"@type":"ListItem","position":3,"name":"Cassetta degli attrezzi"}]},{"@type":"WebSite","@id":"https:\/\/www.bimbibellidischia.it\/#website","url":"https:\/\/www.bimbibellidischia.it\/","name":"Bimbi Belli d'Ischia","description":"","publisher":{"@id":"https:\/\/www.bimbibellidischia.it\/#organization"},"potentialAction":[{"@type":"SearchAction","target":{"@type":"EntryPoint","urlTemplate":"https:\/\/www.bimbibellidischia.it\/?s={search_term_string}"},"query-input":{"@type":"PropertyValueSpecification","valueRequired":true,"valueName":"search_term_string"}}],"inLanguage":"it-IT"},{"@type":"Organization","@id":"https:\/\/www.bimbibellidischia.it\/#organization","name":"Bimbi Belli d'Ischia","url":"https:\/\/www.bimbibellidischia.it\/","logo":{"@type":"ImageObject","inLanguage":"it-IT","@id":"https:\/\/www.bimbibellidischia.it\/#\/schema\/logo\/image\/","url":"https:\/\/www.bimbibellidischia.it\/wp-content\/uploads\/2020\/07\/cropped-bigliettino_avanti2__1_-removebg-2.png","contentUrl":"https:\/\/www.bimbibellidischia.it\/wp-content\/uploads\/2020\/07\/cropped-bigliettino_avanti2__1_-removebg-2.png","width":200,"height":59,"caption":"Bimbi Belli d'Ischia"},"image":{"@id":"https:\/\/www.bimbibellidischia.it\/#\/schema\/logo\/image\/"},"sameAs":["https:\/\/www.facebook.com\/bimbibellidischia\/","https:\/\/www.instagram.com\/bimbibellidischia\/"]}]}},"jetpack_sharing_enabled":true,"_links":{"self":[{"href":"https:\/\/www.bimbibellidischia.it\/index.php?rest_route=\/wp\/v2\/product\/20928","targetHints":{"allow":["GET"]}}],"collection":[{"href":"https:\/\/www.bimbibellidischia.it\/index.php?rest_route=\/wp\/v2\/product"}],"about":[{"href":"https:\/\/www.bimbibellidischia.it\/index.php?rest_route=\/wp\/v2\/types\/product"}],"replies":[{"embeddable":true,"href":"https:\/\/www.bimbibellidischia.it\/index.php?rest_route=%2Fwp%2Fv2%2Fcomments&post=20928"}],"wp:featuredmedia":[{"embeddable":true,"href":"https:\/\/www.bimbibellidischia.it\/index.php?rest_route=\/wp\/v2\/media\/20929"}],"wp:attachment":[{"href":"https:\/\/www.bimbibellidischia.it\/index.php?rest_route=%2Fwp%2Fv2%2Fmedia&parent=20928"}],"wp:term":[{"taxonomy":"product_brand","embeddable":true,"href":"https:\/\/www.bimbibellidischia.it\/index.php?rest_route=%2Fwp%2Fv2%2Fproduct_brand&post=20928"},{"taxonomy":"product_cat","embeddable":true,"href":"https:\/\/www.bimbibellidischia.it\/index.php?rest_route=%2Fwp%2Fv2%2Fproduct_cat&post=20928"},{"taxonomy":"product_tag","embeddable":true,"href":"https:\/\/www.bimbibellidischia.it\/index.php?rest_route=%2Fwp%2Fv2%2Fproduct_tag&post=20928"}],"curies":[{"name":"wp","href":"https:\/\/api.w.org\/{rel}","templated":true}]}}