{"id":21982,"date":"2025-11-08T00:40:44","date_gmt":"2025-11-07T23:40:44","guid":{"rendered":"https:\/\/www.bimbibellidischia.it\/?post_type=product&#038;p=21982"},"modified":"2025-11-08T00:53:51","modified_gmt":"2025-11-07T23:53:51","slug":"torta-di-compleanno-in-legno-rosa","status":"publish","type":"product","link":"https:\/\/www.bimbibellidischia.it\/?product=torta-di-compleanno-in-legno-rosa","title":{"rendered":"Torta di compleanno in legno &#8211; Rosa"},"content":{"rendered":"<p>Hip hip urr\u00e0! Tirate fuori le stelle filanti, perch\u00e9 con la nostra torta ogni giorno \u00e8 una festa! Decorate la vostra torta con un macaron, una ciambella, un arcobaleno, degli animali e della panna montata e deliziate tutti gli ospiti con una fetta. Divertitevi alla festa. Il set \u00e8 composto da sei fette di torta su un vassoio, una paletta per torta, una ciambella, un macaron, un uccellino, una farfalla, un arcobaleno, delle candeline, delle palline di panna montata e dei numeri in cima (da 1 a 5).<\/p>\n<table style=\"height: 36px;\" width=\"346\">\n<tbody>\n<tr>\n<td class=\"w-2\/6 break-words font-bold\"><span dir=\"auto\">Et\u00e0 minima<\/span><\/td>\n<td class=\"w-4\/6 break-words\"><span dir=\"auto\">3+ anni<\/span><\/td>\n<\/tr>\n<\/tbody>\n<\/table>\n","protected":false},"excerpt":{"rendered":"<p>Hip hip urr\u00e0! Tirate fuori le stelle filanti, perch\u00e9 con la nostra torta ogni giorno \u00e8 una festa! Decorate la&#8230;<\/p>\n","protected":false},"featured_media":21983,"comment_status":"open","ping_status":"closed","template":"","meta":{"_joinchat":[]},"product_brand":[],"product_cat":[208,220,263,269,283],"product_tag":[],"class_list":{"0":"post-21982","1":"product","2":"type-product","3":"status-publish","4":"has-post-thumbnail","6":"product_cat-accessori-femmina","7":"product_cat-accessori-neonato","8":"product_cat-free-time","9":"product_cat-free-time-neonato","10":"product_cat-marchio-little-dutch-bimbibelli","12":"first","13":"instock","14":"sold-individually","15":"shipping-taxable","16":"purchasable","17":"product-type-simple"},"yoast_head":"<!-- This site is optimized with the Yoast SEO plugin v27.3 - https:\/\/yoast.com\/product\/yoast-seo-wordpress\/ -->\n<title>Torta di compleanno in legno - Rosa | Bimbi Belli d&#039;Ischia<\/title>\n<meta name=\"robots\" content=\"index, follow, max-snippet:-1, max-image-preview:large, max-video-preview:-1\" \/>\n<link rel=\"canonical\" href=\"https:\/\/www.bimbibellidischia.it\/?product=torta-di-compleanno-in-legno-rosa\" \/>\n<meta property=\"og:locale\" content=\"it_IT\" \/>\n<meta property=\"og:type\" content=\"article\" \/>\n<meta property=\"og:title\" content=\"Torta di compleanno in legno - Rosa | Bimbi Belli d&#039;Ischia\" \/>\n<meta property=\"og:description\" content=\"Hip hip urr\u00e0! Tirate fuori le stelle filanti, perch\u00e9 con la nostra torta ogni giorno \u00e8 una festa! Decorate la...\" \/>\n<meta property=\"og:url\" content=\"https:\/\/www.bimbibellidischia.it\/?product=torta-di-compleanno-in-legno-rosa\" \/>\n<meta property=\"og:site_name\" content=\"Bimbi Belli d&#039;Ischia\" \/>\n<meta property=\"article:publisher\" content=\"https:\/\/www.facebook.com\/bimbibellidischia\/\" \/>\n<meta property=\"article:modified_time\" content=\"2025-11-07T23:53:51+00:00\" \/>\n<meta property=\"og:image\" content=\"https:\/\/www.bimbibellidischia.it\/wp-content\/uploads\/2025\/11\/0006780.webp\" \/>\n\t<meta property=\"og:image:width\" content=\"480\" \/>\n\t<meta property=\"og:image:height\" content=\"480\" \/>\n\t<meta property=\"og:image:type\" content=\"image\/webp\" \/>\n<meta name=\"twitter:card\" content=\"summary_large_image\" \/>\n<script type=\"application\/ld+json\" class=\"yoast-schema-graph\">{\"@context\":\"https:\\\/\\\/schema.org\",\"@graph\":[{\"@type\":\"WebPage\",\"@id\":\"https:\\\/\\\/www.bimbibellidischia.it\\\/?product=torta-di-compleanno-in-legno-rosa\",\"url\":\"https:\\\/\\\/www.bimbibellidischia.it\\\/?product=torta-di-compleanno-in-legno-rosa\",\"name\":\"Torta di compleanno in legno - Rosa | Bimbi Belli d'Ischia\",\"isPartOf\":{\"@id\":\"https:\\\/\\\/www.bimbibellidischia.it\\\/#website\"},\"primaryImageOfPage\":{\"@id\":\"https:\\\/\\\/www.bimbibellidischia.it\\\/?product=torta-di-compleanno-in-legno-rosa#primaryimage\"},\"image\":{\"@id\":\"https:\\\/\\\/www.bimbibellidischia.it\\\/?product=torta-di-compleanno-in-legno-rosa#primaryimage\"},\"thumbnailUrl\":\"https:\\\/\\\/www.bimbibellidischia.it\\\/wp-content\\\/uploads\\\/2025\\\/11\\\/0006780.webp\",\"datePublished\":\"2025-11-07T23:40:44+00:00\",\"dateModified\":\"2025-11-07T23:53:51+00:00\",\"breadcrumb\":{\"@id\":\"https:\\\/\\\/www.bimbibellidischia.it\\\/?product=torta-di-compleanno-in-legno-rosa#breadcrumb\"},\"inLanguage\":\"it-IT\",\"potentialAction\":[{\"@type\":\"ReadAction\",\"target\":[\"https:\\\/\\\/www.bimbibellidischia.it\\\/?product=torta-di-compleanno-in-legno-rosa\"]}]},{\"@type\":\"ImageObject\",\"inLanguage\":\"it-IT\",\"@id\":\"https:\\\/\\\/www.bimbibellidischia.it\\\/?product=torta-di-compleanno-in-legno-rosa#primaryimage\",\"url\":\"https:\\\/\\\/www.bimbibellidischia.it\\\/wp-content\\\/uploads\\\/2025\\\/11\\\/0006780.webp\",\"contentUrl\":\"https:\\\/\\\/www.bimbibellidischia.it\\\/wp-content\\\/uploads\\\/2025\\\/11\\\/0006780.webp\",\"width\":480,\"height\":480},{\"@type\":\"BreadcrumbList\",\"@id\":\"https:\\\/\\\/www.bimbibellidischia.it\\\/?product=torta-di-compleanno-in-legno-rosa#breadcrumb\",\"itemListElement\":[{\"@type\":\"ListItem\",\"position\":1,\"name\":\"Home\",\"item\":\"https:\\\/\\\/www.bimbibellidischia.it\\\/\"},{\"@type\":\"ListItem\",\"position\":2,\"name\":\"Shop\",\"item\":\"https:\\\/\\\/www.bimbibellidischia.it\\\/?page_id=870\"},{\"@type\":\"ListItem\",\"position\":3,\"name\":\"Torta di compleanno in legno &#8211; Rosa\"}]},{\"@type\":\"WebSite\",\"@id\":\"https:\\\/\\\/www.bimbibellidischia.it\\\/#website\",\"url\":\"https:\\\/\\\/www.bimbibellidischia.it\\\/\",\"name\":\"Bimbi Belli d'Ischia\",\"description\":\"\",\"publisher\":{\"@id\":\"https:\\\/\\\/www.bimbibellidischia.it\\\/#organization\"},\"potentialAction\":[{\"@type\":\"SearchAction\",\"target\":{\"@type\":\"EntryPoint\",\"urlTemplate\":\"https:\\\/\\\/www.bimbibellidischia.it\\\/?s={search_term_string}\"},\"query-input\":{\"@type\":\"PropertyValueSpecification\",\"valueRequired\":true,\"valueName\":\"search_term_string\"}}],\"inLanguage\":\"it-IT\"},{\"@type\":\"Organization\",\"@id\":\"https:\\\/\\\/www.bimbibellidischia.it\\\/#organization\",\"name\":\"Bimbi Belli d'Ischia\",\"url\":\"https:\\\/\\\/www.bimbibellidischia.it\\\/\",\"logo\":{\"@type\":\"ImageObject\",\"inLanguage\":\"it-IT\",\"@id\":\"https:\\\/\\\/www.bimbibellidischia.it\\\/#\\\/schema\\\/logo\\\/image\\\/\",\"url\":\"https:\\\/\\\/www.bimbibellidischia.it\\\/wp-content\\\/uploads\\\/2020\\\/07\\\/cropped-bigliettino_avanti2__1_-removebg-2.png\",\"contentUrl\":\"https:\\\/\\\/www.bimbibellidischia.it\\\/wp-content\\\/uploads\\\/2020\\\/07\\\/cropped-bigliettino_avanti2__1_-removebg-2.png\",\"width\":200,\"height\":59,\"caption\":\"Bimbi Belli d'Ischia\"},\"image\":{\"@id\":\"https:\\\/\\\/www.bimbibellidischia.it\\\/#\\\/schema\\\/logo\\\/image\\\/\"},\"sameAs\":[\"https:\\\/\\\/www.facebook.com\\\/bimbibellidischia\\\/\",\"https:\\\/\\\/www.instagram.com\\\/bimbibellidischia\\\/\"]}]}<\/script>\n<!-- \/ Yoast SEO plugin. -->","yoast_head_json":{"title":"Torta di compleanno in legno - Rosa | Bimbi Belli d'Ischia","robots":{"index":"index","follow":"follow","max-snippet":"max-snippet:-1","max-image-preview":"max-image-preview:large","max-video-preview":"max-video-preview:-1"},"canonical":"https:\/\/www.bimbibellidischia.it\/?product=torta-di-compleanno-in-legno-rosa","og_locale":"it_IT","og_type":"article","og_title":"Torta di compleanno in legno - Rosa | Bimbi Belli d'Ischia","og_description":"Hip hip urr\u00e0! Tirate fuori le stelle filanti, perch\u00e9 con la nostra torta ogni giorno \u00e8 una festa! Decorate la...","og_url":"https:\/\/www.bimbibellidischia.it\/?product=torta-di-compleanno-in-legno-rosa","og_site_name":"Bimbi Belli d'Ischia","article_publisher":"https:\/\/www.facebook.com\/bimbibellidischia\/","article_modified_time":"2025-11-07T23:53:51+00:00","og_image":[{"width":480,"height":480,"url":"https:\/\/www.bimbibellidischia.it\/wp-content\/uploads\/2025\/11\/0006780.webp","type":"image\/webp"}],"twitter_card":"summary_large_image","schema":{"@context":"https:\/\/schema.org","@graph":[{"@type":"WebPage","@id":"https:\/\/www.bimbibellidischia.it\/?product=torta-di-compleanno-in-legno-rosa","url":"https:\/\/www.bimbibellidischia.it\/?product=torta-di-compleanno-in-legno-rosa","name":"Torta di compleanno in legno - Rosa | Bimbi Belli d'Ischia","isPartOf":{"@id":"https:\/\/www.bimbibellidischia.it\/#website"},"primaryImageOfPage":{"@id":"https:\/\/www.bimbibellidischia.it\/?product=torta-di-compleanno-in-legno-rosa#primaryimage"},"image":{"@id":"https:\/\/www.bimbibellidischia.it\/?product=torta-di-compleanno-in-legno-rosa#primaryimage"},"thumbnailUrl":"https:\/\/www.bimbibellidischia.it\/wp-content\/uploads\/2025\/11\/0006780.webp","datePublished":"2025-11-07T23:40:44+00:00","dateModified":"2025-11-07T23:53:51+00:00","breadcrumb":{"@id":"https:\/\/www.bimbibellidischia.it\/?product=torta-di-compleanno-in-legno-rosa#breadcrumb"},"inLanguage":"it-IT","potentialAction":[{"@type":"ReadAction","target":["https:\/\/www.bimbibellidischia.it\/?product=torta-di-compleanno-in-legno-rosa"]}]},{"@type":"ImageObject","inLanguage":"it-IT","@id":"https:\/\/www.bimbibellidischia.it\/?product=torta-di-compleanno-in-legno-rosa#primaryimage","url":"https:\/\/www.bimbibellidischia.it\/wp-content\/uploads\/2025\/11\/0006780.webp","contentUrl":"https:\/\/www.bimbibellidischia.it\/wp-content\/uploads\/2025\/11\/0006780.webp","width":480,"height":480},{"@type":"BreadcrumbList","@id":"https:\/\/www.bimbibellidischia.it\/?product=torta-di-compleanno-in-legno-rosa#breadcrumb","itemListElement":[{"@type":"ListItem","position":1,"name":"Home","item":"https:\/\/www.bimbibellidischia.it\/"},{"@type":"ListItem","position":2,"name":"Shop","item":"https:\/\/www.bimbibellidischia.it\/?page_id=870"},{"@type":"ListItem","position":3,"name":"Torta di compleanno in legno &#8211; Rosa"}]},{"@type":"WebSite","@id":"https:\/\/www.bimbibellidischia.it\/#website","url":"https:\/\/www.bimbibellidischia.it\/","name":"Bimbi Belli d'Ischia","description":"","publisher":{"@id":"https:\/\/www.bimbibellidischia.it\/#organization"},"potentialAction":[{"@type":"SearchAction","target":{"@type":"EntryPoint","urlTemplate":"https:\/\/www.bimbibellidischia.it\/?s={search_term_string}"},"query-input":{"@type":"PropertyValueSpecification","valueRequired":true,"valueName":"search_term_string"}}],"inLanguage":"it-IT"},{"@type":"Organization","@id":"https:\/\/www.bimbibellidischia.it\/#organization","name":"Bimbi Belli d'Ischia","url":"https:\/\/www.bimbibellidischia.it\/","logo":{"@type":"ImageObject","inLanguage":"it-IT","@id":"https:\/\/www.bimbibellidischia.it\/#\/schema\/logo\/image\/","url":"https:\/\/www.bimbibellidischia.it\/wp-content\/uploads\/2020\/07\/cropped-bigliettino_avanti2__1_-removebg-2.png","contentUrl":"https:\/\/www.bimbibellidischia.it\/wp-content\/uploads\/2020\/07\/cropped-bigliettino_avanti2__1_-removebg-2.png","width":200,"height":59,"caption":"Bimbi Belli d'Ischia"},"image":{"@id":"https:\/\/www.bimbibellidischia.it\/#\/schema\/logo\/image\/"},"sameAs":["https:\/\/www.facebook.com\/bimbibellidischia\/","https:\/\/www.instagram.com\/bimbibellidischia\/"]}]}},"jetpack_sharing_enabled":true,"_links":{"self":[{"href":"https:\/\/www.bimbibellidischia.it\/index.php?rest_route=\/wp\/v2\/product\/21982","targetHints":{"allow":["GET"]}}],"collection":[{"href":"https:\/\/www.bimbibellidischia.it\/index.php?rest_route=\/wp\/v2\/product"}],"about":[{"href":"https:\/\/www.bimbibellidischia.it\/index.php?rest_route=\/wp\/v2\/types\/product"}],"replies":[{"embeddable":true,"href":"https:\/\/www.bimbibellidischia.it\/index.php?rest_route=%2Fwp%2Fv2%2Fcomments&post=21982"}],"wp:featuredmedia":[{"embeddable":true,"href":"https:\/\/www.bimbibellidischia.it\/index.php?rest_route=\/wp\/v2\/media\/21983"}],"wp:attachment":[{"href":"https:\/\/www.bimbibellidischia.it\/index.php?rest_route=%2Fwp%2Fv2%2Fmedia&parent=21982"}],"wp:term":[{"taxonomy":"product_brand","embeddable":true,"href":"https:\/\/www.bimbibellidischia.it\/index.php?rest_route=%2Fwp%2Fv2%2Fproduct_brand&post=21982"},{"taxonomy":"product_cat","embeddable":true,"href":"https:\/\/www.bimbibellidischia.it\/index.php?rest_route=%2Fwp%2Fv2%2Fproduct_cat&post=21982"},{"taxonomy":"product_tag","embeddable":true,"href":"https:\/\/www.bimbibellidischia.it\/index.php?rest_route=%2Fwp%2Fv2%2Fproduct_tag&post=21982"}],"curies":[{"name":"wp","href":"https:\/\/api.w.org\/{rel}","templated":true}]}}