{"id":22022,"date":"2025-11-08T01:07:11","date_gmt":"2025-11-08T00:07:11","guid":{"rendered":"https:\/\/www.bimbibellidischia.it\/?post_type=product&#038;p=22022"},"modified":"2026-01-15T17:16:33","modified_gmt":"2026-01-15T16:16:33","slug":"cubo-multi-attivita-morbido-beige-newborn-naturals","status":"publish","type":"product","link":"https:\/\/www.bimbibellidischia.it\/?product=cubo-multi-attivita-morbido-beige-newborn-naturals","title":{"rendered":"Cubo multi-attivit\u00e0 morbido &#8211; Beige &#8211; Newborn Naturals"},"content":{"rendered":"<p>L&#8217;Activity Cube Newborn Naturals \u00e8 pieno di sorprese per i piccoli esploratori! Ogni lato invita al gioco, con tessuti morbidi, suoni fruscianti, etichette giocose e uno specchio sicuro in cui guardarsi. Questo stimola i sensi e incoraggia la curiosit\u00e0. Il cubo \u00e8 perfetto da tenere, afferrare e girare, sviluppando le capacit\u00e0 motorie fini attraverso il gioco. Grazie ai toni calmi e naturali, si adatta perfettamente a qualsiasi cameretta. Un amico giocoso che unisce relax e scoperta. Per un gioco infinito, ogni giorno nuovo!<\/p>\n","protected":false},"excerpt":{"rendered":"<p>L&#8217;Activity Cube Newborn Naturals \u00e8 pieno di sorprese per i piccoli esploratori! Ogni lato invita al gioco, con tessuti morbidi,&#8230;<\/p>\n","protected":false},"featured_media":22023,"comment_status":"open","ping_status":"closed","template":"","meta":{"_joinchat":[]},"product_brand":[],"product_cat":[220,269,283],"product_tag":[],"class_list":{"0":"post-22022","1":"product","2":"type-product","3":"status-publish","4":"has-post-thumbnail","6":"product_cat-accessori-neonato","7":"product_cat-free-time-neonato","8":"product_cat-marchio-little-dutch-bimbibelli","10":"first","11":"outofstock","12":"sold-individually","13":"shipping-taxable","14":"purchasable","15":"product-type-simple"},"yoast_head":"<!-- This site is optimized with the Yoast SEO plugin v27.3 - https:\/\/yoast.com\/product\/yoast-seo-wordpress\/ -->\n<title>Cubo multi-attivit\u00e0 morbido - Beige - Newborn Naturals | Bimbi Belli d&#039;Ischia<\/title>\n<meta name=\"robots\" content=\"index, follow, max-snippet:-1, max-image-preview:large, max-video-preview:-1\" \/>\n<link rel=\"canonical\" href=\"https:\/\/www.bimbibellidischia.it\/?product=cubo-multi-attivita-morbido-beige-newborn-naturals\" \/>\n<meta property=\"og:locale\" content=\"it_IT\" \/>\n<meta property=\"og:type\" content=\"article\" \/>\n<meta property=\"og:title\" content=\"Cubo multi-attivit\u00e0 morbido - Beige - Newborn Naturals | Bimbi Belli d&#039;Ischia\" \/>\n<meta property=\"og:description\" content=\"L&#8217;Activity Cube Newborn Naturals \u00e8 pieno di sorprese per i piccoli esploratori! Ogni lato invita al gioco, con tessuti morbidi,...\" \/>\n<meta property=\"og:url\" content=\"https:\/\/www.bimbibellidischia.it\/?product=cubo-multi-attivita-morbido-beige-newborn-naturals\" \/>\n<meta property=\"og:site_name\" content=\"Bimbi Belli d&#039;Ischia\" \/>\n<meta property=\"article:publisher\" content=\"https:\/\/www.facebook.com\/bimbibellidischia\/\" \/>\n<meta property=\"article:modified_time\" content=\"2026-01-15T16:16:33+00:00\" \/>\n<meta property=\"og:image\" content=\"https:\/\/www.bimbibellidischia.it\/wp-content\/uploads\/2025\/11\/0029818_activiteitenkubus-beige-newborn-naturals.webp\" \/>\n\t<meta property=\"og:image:width\" content=\"480\" \/>\n\t<meta property=\"og:image:height\" content=\"480\" \/>\n\t<meta property=\"og:image:type\" content=\"image\/webp\" \/>\n<meta name=\"twitter:card\" content=\"summary_large_image\" \/>\n<script type=\"application\/ld+json\" class=\"yoast-schema-graph\">{\"@context\":\"https:\\\/\\\/schema.org\",\"@graph\":[{\"@type\":\"WebPage\",\"@id\":\"https:\\\/\\\/www.bimbibellidischia.it\\\/?product=cubo-multi-attivita-morbido-beige-newborn-naturals\",\"url\":\"https:\\\/\\\/www.bimbibellidischia.it\\\/?product=cubo-multi-attivita-morbido-beige-newborn-naturals\",\"name\":\"Cubo multi-attivit\u00e0 morbido - Beige - Newborn Naturals | Bimbi Belli d'Ischia\",\"isPartOf\":{\"@id\":\"https:\\\/\\\/www.bimbibellidischia.it\\\/#website\"},\"primaryImageOfPage\":{\"@id\":\"https:\\\/\\\/www.bimbibellidischia.it\\\/?product=cubo-multi-attivita-morbido-beige-newborn-naturals#primaryimage\"},\"image\":{\"@id\":\"https:\\\/\\\/www.bimbibellidischia.it\\\/?product=cubo-multi-attivita-morbido-beige-newborn-naturals#primaryimage\"},\"thumbnailUrl\":\"https:\\\/\\\/www.bimbibellidischia.it\\\/wp-content\\\/uploads\\\/2025\\\/11\\\/0029818_activiteitenkubus-beige-newborn-naturals.webp\",\"datePublished\":\"2025-11-08T00:07:11+00:00\",\"dateModified\":\"2026-01-15T16:16:33+00:00\",\"breadcrumb\":{\"@id\":\"https:\\\/\\\/www.bimbibellidischia.it\\\/?product=cubo-multi-attivita-morbido-beige-newborn-naturals#breadcrumb\"},\"inLanguage\":\"it-IT\",\"potentialAction\":[{\"@type\":\"ReadAction\",\"target\":[\"https:\\\/\\\/www.bimbibellidischia.it\\\/?product=cubo-multi-attivita-morbido-beige-newborn-naturals\"]}]},{\"@type\":\"ImageObject\",\"inLanguage\":\"it-IT\",\"@id\":\"https:\\\/\\\/www.bimbibellidischia.it\\\/?product=cubo-multi-attivita-morbido-beige-newborn-naturals#primaryimage\",\"url\":\"https:\\\/\\\/www.bimbibellidischia.it\\\/wp-content\\\/uploads\\\/2025\\\/11\\\/0029818_activiteitenkubus-beige-newborn-naturals.webp\",\"contentUrl\":\"https:\\\/\\\/www.bimbibellidischia.it\\\/wp-content\\\/uploads\\\/2025\\\/11\\\/0029818_activiteitenkubus-beige-newborn-naturals.webp\",\"width\":480,\"height\":480},{\"@type\":\"BreadcrumbList\",\"@id\":\"https:\\\/\\\/www.bimbibellidischia.it\\\/?product=cubo-multi-attivita-morbido-beige-newborn-naturals#breadcrumb\",\"itemListElement\":[{\"@type\":\"ListItem\",\"position\":1,\"name\":\"Home\",\"item\":\"https:\\\/\\\/www.bimbibellidischia.it\\\/\"},{\"@type\":\"ListItem\",\"position\":2,\"name\":\"Shop\",\"item\":\"https:\\\/\\\/www.bimbibellidischia.it\\\/?page_id=870\"},{\"@type\":\"ListItem\",\"position\":3,\"name\":\"Cubo multi-attivit\u00e0 morbido &#8211; Beige &#8211; Newborn Naturals\"}]},{\"@type\":\"WebSite\",\"@id\":\"https:\\\/\\\/www.bimbibellidischia.it\\\/#website\",\"url\":\"https:\\\/\\\/www.bimbibellidischia.it\\\/\",\"name\":\"Bimbi Belli d'Ischia\",\"description\":\"\",\"publisher\":{\"@id\":\"https:\\\/\\\/www.bimbibellidischia.it\\\/#organization\"},\"potentialAction\":[{\"@type\":\"SearchAction\",\"target\":{\"@type\":\"EntryPoint\",\"urlTemplate\":\"https:\\\/\\\/www.bimbibellidischia.it\\\/?s={search_term_string}\"},\"query-input\":{\"@type\":\"PropertyValueSpecification\",\"valueRequired\":true,\"valueName\":\"search_term_string\"}}],\"inLanguage\":\"it-IT\"},{\"@type\":\"Organization\",\"@id\":\"https:\\\/\\\/www.bimbibellidischia.it\\\/#organization\",\"name\":\"Bimbi Belli d'Ischia\",\"url\":\"https:\\\/\\\/www.bimbibellidischia.it\\\/\",\"logo\":{\"@type\":\"ImageObject\",\"inLanguage\":\"it-IT\",\"@id\":\"https:\\\/\\\/www.bimbibellidischia.it\\\/#\\\/schema\\\/logo\\\/image\\\/\",\"url\":\"https:\\\/\\\/www.bimbibellidischia.it\\\/wp-content\\\/uploads\\\/2020\\\/07\\\/cropped-bigliettino_avanti2__1_-removebg-2.png\",\"contentUrl\":\"https:\\\/\\\/www.bimbibellidischia.it\\\/wp-content\\\/uploads\\\/2020\\\/07\\\/cropped-bigliettino_avanti2__1_-removebg-2.png\",\"width\":200,\"height\":59,\"caption\":\"Bimbi Belli d'Ischia\"},\"image\":{\"@id\":\"https:\\\/\\\/www.bimbibellidischia.it\\\/#\\\/schema\\\/logo\\\/image\\\/\"},\"sameAs\":[\"https:\\\/\\\/www.facebook.com\\\/bimbibellidischia\\\/\",\"https:\\\/\\\/www.instagram.com\\\/bimbibellidischia\\\/\"]}]}<\/script>\n<!-- \/ Yoast SEO plugin. -->","yoast_head_json":{"title":"Cubo multi-attivit\u00e0 morbido - Beige - Newborn Naturals | Bimbi Belli d'Ischia","robots":{"index":"index","follow":"follow","max-snippet":"max-snippet:-1","max-image-preview":"max-image-preview:large","max-video-preview":"max-video-preview:-1"},"canonical":"https:\/\/www.bimbibellidischia.it\/?product=cubo-multi-attivita-morbido-beige-newborn-naturals","og_locale":"it_IT","og_type":"article","og_title":"Cubo multi-attivit\u00e0 morbido - Beige - Newborn Naturals | Bimbi Belli d'Ischia","og_description":"L&#8217;Activity Cube Newborn Naturals \u00e8 pieno di sorprese per i piccoli esploratori! Ogni lato invita al gioco, con tessuti morbidi,...","og_url":"https:\/\/www.bimbibellidischia.it\/?product=cubo-multi-attivita-morbido-beige-newborn-naturals","og_site_name":"Bimbi Belli d'Ischia","article_publisher":"https:\/\/www.facebook.com\/bimbibellidischia\/","article_modified_time":"2026-01-15T16:16:33+00:00","og_image":[{"width":480,"height":480,"url":"https:\/\/www.bimbibellidischia.it\/wp-content\/uploads\/2025\/11\/0029818_activiteitenkubus-beige-newborn-naturals.webp","type":"image\/webp"}],"twitter_card":"summary_large_image","schema":{"@context":"https:\/\/schema.org","@graph":[{"@type":"WebPage","@id":"https:\/\/www.bimbibellidischia.it\/?product=cubo-multi-attivita-morbido-beige-newborn-naturals","url":"https:\/\/www.bimbibellidischia.it\/?product=cubo-multi-attivita-morbido-beige-newborn-naturals","name":"Cubo multi-attivit\u00e0 morbido - Beige - Newborn Naturals | Bimbi Belli d'Ischia","isPartOf":{"@id":"https:\/\/www.bimbibellidischia.it\/#website"},"primaryImageOfPage":{"@id":"https:\/\/www.bimbibellidischia.it\/?product=cubo-multi-attivita-morbido-beige-newborn-naturals#primaryimage"},"image":{"@id":"https:\/\/www.bimbibellidischia.it\/?product=cubo-multi-attivita-morbido-beige-newborn-naturals#primaryimage"},"thumbnailUrl":"https:\/\/www.bimbibellidischia.it\/wp-content\/uploads\/2025\/11\/0029818_activiteitenkubus-beige-newborn-naturals.webp","datePublished":"2025-11-08T00:07:11+00:00","dateModified":"2026-01-15T16:16:33+00:00","breadcrumb":{"@id":"https:\/\/www.bimbibellidischia.it\/?product=cubo-multi-attivita-morbido-beige-newborn-naturals#breadcrumb"},"inLanguage":"it-IT","potentialAction":[{"@type":"ReadAction","target":["https:\/\/www.bimbibellidischia.it\/?product=cubo-multi-attivita-morbido-beige-newborn-naturals"]}]},{"@type":"ImageObject","inLanguage":"it-IT","@id":"https:\/\/www.bimbibellidischia.it\/?product=cubo-multi-attivita-morbido-beige-newborn-naturals#primaryimage","url":"https:\/\/www.bimbibellidischia.it\/wp-content\/uploads\/2025\/11\/0029818_activiteitenkubus-beige-newborn-naturals.webp","contentUrl":"https:\/\/www.bimbibellidischia.it\/wp-content\/uploads\/2025\/11\/0029818_activiteitenkubus-beige-newborn-naturals.webp","width":480,"height":480},{"@type":"BreadcrumbList","@id":"https:\/\/www.bimbibellidischia.it\/?product=cubo-multi-attivita-morbido-beige-newborn-naturals#breadcrumb","itemListElement":[{"@type":"ListItem","position":1,"name":"Home","item":"https:\/\/www.bimbibellidischia.it\/"},{"@type":"ListItem","position":2,"name":"Shop","item":"https:\/\/www.bimbibellidischia.it\/?page_id=870"},{"@type":"ListItem","position":3,"name":"Cubo multi-attivit\u00e0 morbido &#8211; Beige &#8211; Newborn Naturals"}]},{"@type":"WebSite","@id":"https:\/\/www.bimbibellidischia.it\/#website","url":"https:\/\/www.bimbibellidischia.it\/","name":"Bimbi Belli d'Ischia","description":"","publisher":{"@id":"https:\/\/www.bimbibellidischia.it\/#organization"},"potentialAction":[{"@type":"SearchAction","target":{"@type":"EntryPoint","urlTemplate":"https:\/\/www.bimbibellidischia.it\/?s={search_term_string}"},"query-input":{"@type":"PropertyValueSpecification","valueRequired":true,"valueName":"search_term_string"}}],"inLanguage":"it-IT"},{"@type":"Organization","@id":"https:\/\/www.bimbibellidischia.it\/#organization","name":"Bimbi Belli d'Ischia","url":"https:\/\/www.bimbibellidischia.it\/","logo":{"@type":"ImageObject","inLanguage":"it-IT","@id":"https:\/\/www.bimbibellidischia.it\/#\/schema\/logo\/image\/","url":"https:\/\/www.bimbibellidischia.it\/wp-content\/uploads\/2020\/07\/cropped-bigliettino_avanti2__1_-removebg-2.png","contentUrl":"https:\/\/www.bimbibellidischia.it\/wp-content\/uploads\/2020\/07\/cropped-bigliettino_avanti2__1_-removebg-2.png","width":200,"height":59,"caption":"Bimbi Belli d'Ischia"},"image":{"@id":"https:\/\/www.bimbibellidischia.it\/#\/schema\/logo\/image\/"},"sameAs":["https:\/\/www.facebook.com\/bimbibellidischia\/","https:\/\/www.instagram.com\/bimbibellidischia\/"]}]}},"jetpack_sharing_enabled":true,"_links":{"self":[{"href":"https:\/\/www.bimbibellidischia.it\/index.php?rest_route=\/wp\/v2\/product\/22022","targetHints":{"allow":["GET"]}}],"collection":[{"href":"https:\/\/www.bimbibellidischia.it\/index.php?rest_route=\/wp\/v2\/product"}],"about":[{"href":"https:\/\/www.bimbibellidischia.it\/index.php?rest_route=\/wp\/v2\/types\/product"}],"replies":[{"embeddable":true,"href":"https:\/\/www.bimbibellidischia.it\/index.php?rest_route=%2Fwp%2Fv2%2Fcomments&post=22022"}],"wp:featuredmedia":[{"embeddable":true,"href":"https:\/\/www.bimbibellidischia.it\/index.php?rest_route=\/wp\/v2\/media\/22023"}],"wp:attachment":[{"href":"https:\/\/www.bimbibellidischia.it\/index.php?rest_route=%2Fwp%2Fv2%2Fmedia&parent=22022"}],"wp:term":[{"taxonomy":"product_brand","embeddable":true,"href":"https:\/\/www.bimbibellidischia.it\/index.php?rest_route=%2Fwp%2Fv2%2Fproduct_brand&post=22022"},{"taxonomy":"product_cat","embeddable":true,"href":"https:\/\/www.bimbibellidischia.it\/index.php?rest_route=%2Fwp%2Fv2%2Fproduct_cat&post=22022"},{"taxonomy":"product_tag","embeddable":true,"href":"https:\/\/www.bimbibellidischia.it\/index.php?rest_route=%2Fwp%2Fv2%2Fproduct_tag&post=22022"}],"curies":[{"name":"wp","href":"https:\/\/api.w.org\/{rel}","templated":true}]}}