{"id":22043,"date":"2025-11-08T01:20:52","date_gmt":"2025-11-08T00:20:52","guid":{"rendered":"https:\/\/www.bimbibellidischia.it\/?post_type=product&#038;p=22043"},"modified":"2025-11-08T01:20:52","modified_gmt":"2025-11-08T00:20:52","slug":"spirale-di-attivita-bianco-newborn-naturals","status":"publish","type":"product","link":"https:\/\/www.bimbibellidischia.it\/?product=spirale-di-attivita-bianco-newborn-naturals","title":{"rendered":"Spirale di attivit\u00e0 &#8211; Bianco &#8211; Newborn Naturals"},"content":{"rendered":"<p>Con Activity Spiral Newborn Naturals ogni scoperta diventa ancora pi\u00f9 divertente! Facile da agganciare al box, cos\u00ec il tuo piccolo avr\u00e0 sempre qualcosa da guardare. Le texture morbide, le etichette giocose e i dettagli sonori stimolano i sensi e offrono un divertimento senza fine. Realizzato con materiali morbidi e morbidi in colori rilassanti, perfetto per i bambini curiosi che vogliono esplorare il mondo passo dopo passo! Avvertenza: fissare questo giocattolo fuori dalla portata del bambino. Rimuoverlo quando il bambino inizia a gattonare sulle mani e sulle ginocchia per evitare che rimanga impigliato e si faccia male.<\/p>\n","protected":false},"excerpt":{"rendered":"<p>Con Activity Spiral Newborn Naturals ogni scoperta diventa ancora pi\u00f9 divertente! Facile da agganciare al box, cos\u00ec il tuo piccolo&#8230;<\/p>\n","protected":false},"featured_media":22046,"comment_status":"open","ping_status":"closed","template":"","meta":{"_joinchat":[]},"product_brand":[],"product_cat":[220,269,283],"product_tag":[],"class_list":{"0":"post-22043","1":"product","2":"type-product","3":"status-publish","4":"has-post-thumbnail","6":"product_cat-accessori-neonato","7":"product_cat-free-time-neonato","8":"product_cat-marchio-little-dutch-bimbibelli","10":"first","11":"instock","12":"sold-individually","13":"shipping-taxable","14":"purchasable","15":"product-type-simple"},"yoast_head":"<!-- This site is optimized with the Yoast SEO plugin v27.3 - https:\/\/yoast.com\/product\/yoast-seo-wordpress\/ -->\n<title>Spirale di attivit\u00e0 - Bianco - Newborn Naturals | Bimbi Belli d&#039;Ischia<\/title>\n<meta name=\"robots\" content=\"index, follow, max-snippet:-1, max-image-preview:large, max-video-preview:-1\" \/>\n<link rel=\"canonical\" href=\"https:\/\/www.bimbibellidischia.it\/?product=spirale-di-attivita-bianco-newborn-naturals\" \/>\n<meta property=\"og:locale\" content=\"it_IT\" \/>\n<meta property=\"og:type\" content=\"article\" \/>\n<meta property=\"og:title\" content=\"Spirale di attivit\u00e0 - Bianco - Newborn Naturals | Bimbi Belli d&#039;Ischia\" \/>\n<meta property=\"og:description\" content=\"Con Activity Spiral Newborn Naturals ogni scoperta diventa ancora pi\u00f9 divertente! Facile da agganciare al box, cos\u00ec il tuo piccolo...\" \/>\n<meta property=\"og:url\" content=\"https:\/\/www.bimbibellidischia.it\/?product=spirale-di-attivita-bianco-newborn-naturals\" \/>\n<meta property=\"og:site_name\" content=\"Bimbi Belli d&#039;Ischia\" \/>\n<meta property=\"article:publisher\" content=\"https:\/\/www.facebook.com\/bimbibellidischia\/\" \/>\n<meta property=\"og:image\" content=\"https:\/\/www.bimbibellidischia.it\/wp-content\/uploads\/2025\/11\/0029827_activiteitenspiraal-wit-newborn-naturals.webp\" \/>\n\t<meta property=\"og:image:width\" content=\"480\" \/>\n\t<meta property=\"og:image:height\" content=\"480\" \/>\n\t<meta property=\"og:image:type\" content=\"image\/webp\" \/>\n<meta name=\"twitter:card\" content=\"summary_large_image\" \/>\n<script type=\"application\/ld+json\" class=\"yoast-schema-graph\">{\"@context\":\"https:\\\/\\\/schema.org\",\"@graph\":[{\"@type\":\"WebPage\",\"@id\":\"https:\\\/\\\/www.bimbibellidischia.it\\\/?product=spirale-di-attivita-bianco-newborn-naturals\",\"url\":\"https:\\\/\\\/www.bimbibellidischia.it\\\/?product=spirale-di-attivita-bianco-newborn-naturals\",\"name\":\"Spirale di attivit\u00e0 - Bianco - Newborn Naturals | Bimbi Belli d'Ischia\",\"isPartOf\":{\"@id\":\"https:\\\/\\\/www.bimbibellidischia.it\\\/#website\"},\"primaryImageOfPage\":{\"@id\":\"https:\\\/\\\/www.bimbibellidischia.it\\\/?product=spirale-di-attivita-bianco-newborn-naturals#primaryimage\"},\"image\":{\"@id\":\"https:\\\/\\\/www.bimbibellidischia.it\\\/?product=spirale-di-attivita-bianco-newborn-naturals#primaryimage\"},\"thumbnailUrl\":\"https:\\\/\\\/www.bimbibellidischia.it\\\/wp-content\\\/uploads\\\/2025\\\/11\\\/0029827_activiteitenspiraal-wit-newborn-naturals.webp\",\"datePublished\":\"2025-11-08T00:20:52+00:00\",\"breadcrumb\":{\"@id\":\"https:\\\/\\\/www.bimbibellidischia.it\\\/?product=spirale-di-attivita-bianco-newborn-naturals#breadcrumb\"},\"inLanguage\":\"it-IT\",\"potentialAction\":[{\"@type\":\"ReadAction\",\"target\":[\"https:\\\/\\\/www.bimbibellidischia.it\\\/?product=spirale-di-attivita-bianco-newborn-naturals\"]}]},{\"@type\":\"ImageObject\",\"inLanguage\":\"it-IT\",\"@id\":\"https:\\\/\\\/www.bimbibellidischia.it\\\/?product=spirale-di-attivita-bianco-newborn-naturals#primaryimage\",\"url\":\"https:\\\/\\\/www.bimbibellidischia.it\\\/wp-content\\\/uploads\\\/2025\\\/11\\\/0029827_activiteitenspiraal-wit-newborn-naturals.webp\",\"contentUrl\":\"https:\\\/\\\/www.bimbibellidischia.it\\\/wp-content\\\/uploads\\\/2025\\\/11\\\/0029827_activiteitenspiraal-wit-newborn-naturals.webp\",\"width\":480,\"height\":480},{\"@type\":\"BreadcrumbList\",\"@id\":\"https:\\\/\\\/www.bimbibellidischia.it\\\/?product=spirale-di-attivita-bianco-newborn-naturals#breadcrumb\",\"itemListElement\":[{\"@type\":\"ListItem\",\"position\":1,\"name\":\"Home\",\"item\":\"https:\\\/\\\/www.bimbibellidischia.it\\\/\"},{\"@type\":\"ListItem\",\"position\":2,\"name\":\"Shop\",\"item\":\"https:\\\/\\\/www.bimbibellidischia.it\\\/?page_id=870\"},{\"@type\":\"ListItem\",\"position\":3,\"name\":\"Spirale di attivit\u00e0 &#8211; Bianco &#8211; Newborn Naturals\"}]},{\"@type\":\"WebSite\",\"@id\":\"https:\\\/\\\/www.bimbibellidischia.it\\\/#website\",\"url\":\"https:\\\/\\\/www.bimbibellidischia.it\\\/\",\"name\":\"Bimbi Belli d'Ischia\",\"description\":\"\",\"publisher\":{\"@id\":\"https:\\\/\\\/www.bimbibellidischia.it\\\/#organization\"},\"potentialAction\":[{\"@type\":\"SearchAction\",\"target\":{\"@type\":\"EntryPoint\",\"urlTemplate\":\"https:\\\/\\\/www.bimbibellidischia.it\\\/?s={search_term_string}\"},\"query-input\":{\"@type\":\"PropertyValueSpecification\",\"valueRequired\":true,\"valueName\":\"search_term_string\"}}],\"inLanguage\":\"it-IT\"},{\"@type\":\"Organization\",\"@id\":\"https:\\\/\\\/www.bimbibellidischia.it\\\/#organization\",\"name\":\"Bimbi Belli d'Ischia\",\"url\":\"https:\\\/\\\/www.bimbibellidischia.it\\\/\",\"logo\":{\"@type\":\"ImageObject\",\"inLanguage\":\"it-IT\",\"@id\":\"https:\\\/\\\/www.bimbibellidischia.it\\\/#\\\/schema\\\/logo\\\/image\\\/\",\"url\":\"https:\\\/\\\/www.bimbibellidischia.it\\\/wp-content\\\/uploads\\\/2020\\\/07\\\/cropped-bigliettino_avanti2__1_-removebg-2.png\",\"contentUrl\":\"https:\\\/\\\/www.bimbibellidischia.it\\\/wp-content\\\/uploads\\\/2020\\\/07\\\/cropped-bigliettino_avanti2__1_-removebg-2.png\",\"width\":200,\"height\":59,\"caption\":\"Bimbi Belli d'Ischia\"},\"image\":{\"@id\":\"https:\\\/\\\/www.bimbibellidischia.it\\\/#\\\/schema\\\/logo\\\/image\\\/\"},\"sameAs\":[\"https:\\\/\\\/www.facebook.com\\\/bimbibellidischia\\\/\",\"https:\\\/\\\/www.instagram.com\\\/bimbibellidischia\\\/\"]}]}<\/script>\n<!-- \/ Yoast SEO plugin. -->","yoast_head_json":{"title":"Spirale di attivit\u00e0 - Bianco - Newborn Naturals | Bimbi Belli d'Ischia","robots":{"index":"index","follow":"follow","max-snippet":"max-snippet:-1","max-image-preview":"max-image-preview:large","max-video-preview":"max-video-preview:-1"},"canonical":"https:\/\/www.bimbibellidischia.it\/?product=spirale-di-attivita-bianco-newborn-naturals","og_locale":"it_IT","og_type":"article","og_title":"Spirale di attivit\u00e0 - Bianco - Newborn Naturals | Bimbi Belli d'Ischia","og_description":"Con Activity Spiral Newborn Naturals ogni scoperta diventa ancora pi\u00f9 divertente! Facile da agganciare al box, cos\u00ec il tuo piccolo...","og_url":"https:\/\/www.bimbibellidischia.it\/?product=spirale-di-attivita-bianco-newborn-naturals","og_site_name":"Bimbi Belli d'Ischia","article_publisher":"https:\/\/www.facebook.com\/bimbibellidischia\/","og_image":[{"width":480,"height":480,"url":"https:\/\/www.bimbibellidischia.it\/wp-content\/uploads\/2025\/11\/0029827_activiteitenspiraal-wit-newborn-naturals.webp","type":"image\/webp"}],"twitter_card":"summary_large_image","schema":{"@context":"https:\/\/schema.org","@graph":[{"@type":"WebPage","@id":"https:\/\/www.bimbibellidischia.it\/?product=spirale-di-attivita-bianco-newborn-naturals","url":"https:\/\/www.bimbibellidischia.it\/?product=spirale-di-attivita-bianco-newborn-naturals","name":"Spirale di attivit\u00e0 - Bianco - Newborn Naturals | Bimbi Belli d'Ischia","isPartOf":{"@id":"https:\/\/www.bimbibellidischia.it\/#website"},"primaryImageOfPage":{"@id":"https:\/\/www.bimbibellidischia.it\/?product=spirale-di-attivita-bianco-newborn-naturals#primaryimage"},"image":{"@id":"https:\/\/www.bimbibellidischia.it\/?product=spirale-di-attivita-bianco-newborn-naturals#primaryimage"},"thumbnailUrl":"https:\/\/www.bimbibellidischia.it\/wp-content\/uploads\/2025\/11\/0029827_activiteitenspiraal-wit-newborn-naturals.webp","datePublished":"2025-11-08T00:20:52+00:00","breadcrumb":{"@id":"https:\/\/www.bimbibellidischia.it\/?product=spirale-di-attivita-bianco-newborn-naturals#breadcrumb"},"inLanguage":"it-IT","potentialAction":[{"@type":"ReadAction","target":["https:\/\/www.bimbibellidischia.it\/?product=spirale-di-attivita-bianco-newborn-naturals"]}]},{"@type":"ImageObject","inLanguage":"it-IT","@id":"https:\/\/www.bimbibellidischia.it\/?product=spirale-di-attivita-bianco-newborn-naturals#primaryimage","url":"https:\/\/www.bimbibellidischia.it\/wp-content\/uploads\/2025\/11\/0029827_activiteitenspiraal-wit-newborn-naturals.webp","contentUrl":"https:\/\/www.bimbibellidischia.it\/wp-content\/uploads\/2025\/11\/0029827_activiteitenspiraal-wit-newborn-naturals.webp","width":480,"height":480},{"@type":"BreadcrumbList","@id":"https:\/\/www.bimbibellidischia.it\/?product=spirale-di-attivita-bianco-newborn-naturals#breadcrumb","itemListElement":[{"@type":"ListItem","position":1,"name":"Home","item":"https:\/\/www.bimbibellidischia.it\/"},{"@type":"ListItem","position":2,"name":"Shop","item":"https:\/\/www.bimbibellidischia.it\/?page_id=870"},{"@type":"ListItem","position":3,"name":"Spirale di attivit\u00e0 &#8211; Bianco &#8211; Newborn Naturals"}]},{"@type":"WebSite","@id":"https:\/\/www.bimbibellidischia.it\/#website","url":"https:\/\/www.bimbibellidischia.it\/","name":"Bimbi Belli d'Ischia","description":"","publisher":{"@id":"https:\/\/www.bimbibellidischia.it\/#organization"},"potentialAction":[{"@type":"SearchAction","target":{"@type":"EntryPoint","urlTemplate":"https:\/\/www.bimbibellidischia.it\/?s={search_term_string}"},"query-input":{"@type":"PropertyValueSpecification","valueRequired":true,"valueName":"search_term_string"}}],"inLanguage":"it-IT"},{"@type":"Organization","@id":"https:\/\/www.bimbibellidischia.it\/#organization","name":"Bimbi Belli d'Ischia","url":"https:\/\/www.bimbibellidischia.it\/","logo":{"@type":"ImageObject","inLanguage":"it-IT","@id":"https:\/\/www.bimbibellidischia.it\/#\/schema\/logo\/image\/","url":"https:\/\/www.bimbibellidischia.it\/wp-content\/uploads\/2020\/07\/cropped-bigliettino_avanti2__1_-removebg-2.png","contentUrl":"https:\/\/www.bimbibellidischia.it\/wp-content\/uploads\/2020\/07\/cropped-bigliettino_avanti2__1_-removebg-2.png","width":200,"height":59,"caption":"Bimbi Belli d'Ischia"},"image":{"@id":"https:\/\/www.bimbibellidischia.it\/#\/schema\/logo\/image\/"},"sameAs":["https:\/\/www.facebook.com\/bimbibellidischia\/","https:\/\/www.instagram.com\/bimbibellidischia\/"]}]}},"jetpack_sharing_enabled":true,"_links":{"self":[{"href":"https:\/\/www.bimbibellidischia.it\/index.php?rest_route=\/wp\/v2\/product\/22043","targetHints":{"allow":["GET"]}}],"collection":[{"href":"https:\/\/www.bimbibellidischia.it\/index.php?rest_route=\/wp\/v2\/product"}],"about":[{"href":"https:\/\/www.bimbibellidischia.it\/index.php?rest_route=\/wp\/v2\/types\/product"}],"replies":[{"embeddable":true,"href":"https:\/\/www.bimbibellidischia.it\/index.php?rest_route=%2Fwp%2Fv2%2Fcomments&post=22043"}],"wp:featuredmedia":[{"embeddable":true,"href":"https:\/\/www.bimbibellidischia.it\/index.php?rest_route=\/wp\/v2\/media\/22046"}],"wp:attachment":[{"href":"https:\/\/www.bimbibellidischia.it\/index.php?rest_route=%2Fwp%2Fv2%2Fmedia&parent=22043"}],"wp:term":[{"taxonomy":"product_brand","embeddable":true,"href":"https:\/\/www.bimbibellidischia.it\/index.php?rest_route=%2Fwp%2Fv2%2Fproduct_brand&post=22043"},{"taxonomy":"product_cat","embeddable":true,"href":"https:\/\/www.bimbibellidischia.it\/index.php?rest_route=%2Fwp%2Fv2%2Fproduct_cat&post=22043"},{"taxonomy":"product_tag","embeddable":true,"href":"https:\/\/www.bimbibellidischia.it\/index.php?rest_route=%2Fwp%2Fv2%2Fproduct_tag&post=22043"}],"curies":[{"name":"wp","href":"https:\/\/api.w.org\/{rel}","templated":true}]}}