{"id":22257,"date":"2025-11-08T17:35:25","date_gmt":"2025-11-08T16:35:25","guid":{"rendered":"https:\/\/www.bimbibellidischia.it\/?post_type=product&#038;p=22257"},"modified":"2026-01-27T12:38:17","modified_gmt":"2026-01-27T11:38:17","slug":"bavaglino-bandana-confezione-da-2-bianco-newborn-naturals-baby-coniglio","status":"publish","type":"product","link":"https:\/\/www.bimbibellidischia.it\/?product=bavaglino-bandana-confezione-da-2-bianco-newborn-naturals-baby-coniglio","title":{"rendered":"Bavaglino bandana confezione da 2 &#8211; Bianco &#8211; Newborn Naturals &#8211; Baby Coniglio"},"content":{"rendered":"<p>Mantieni l&#8217;abbigliamento del tuo piccolo asciutto ed elegante durante la dentizione con questo bavaglino bandana. Il tessuto in mussola, realizzato in 100% cotone biologico, \u00e8 meravigliosamente morbido per la delicata pelle del bambino e assorbe l&#8217;umidit\u00e0, mantenendo il tuo bambino asciutto e soddisfatto. Questo set di due bavaglini \u00e8 foderato e dotato di due bottoni automatici, che li rendono facilmente regolabili e in grado di crescere con il tuo piccolo. Perfetti da abbinare in ogni occasione, assicurando che il tuo bambino sia sempre alla moda, ovunque tu vada. Queste bandane sono realizzate in uno splendido colore con una stampa delicata e senza tempo.<\/p>\n","protected":false},"excerpt":{"rendered":"<p>Mantieni l&#8217;abbigliamento del tuo piccolo asciutto ed elegante durante la dentizione con questo bavaglino bandana. Il tessuto in mussola, realizzato&#8230;<\/p>\n","protected":false},"featured_media":22259,"comment_status":"open","ping_status":"closed","template":"","meta":{"_joinchat":[]},"product_brand":[],"product_cat":[220,273,283],"product_tag":[],"class_list":{"0":"post-22257","1":"product","2":"type-product","3":"status-publish","4":"has-post-thumbnail","6":"product_cat-accessori-neonato","7":"product_cat-bavaglini-neonato","8":"product_cat-marchio-little-dutch-bimbibelli","10":"first","11":"outofstock","12":"sold-individually","13":"shipping-taxable","14":"purchasable","15":"product-type-simple"},"yoast_head":"<!-- This site is optimized with the Yoast SEO plugin v27.3 - https:\/\/yoast.com\/product\/yoast-seo-wordpress\/ -->\n<title>Bavaglino bandana confezione da 2 - Bianco - Newborn Naturals - Baby Coniglio | Bimbi Belli d&#039;Ischia<\/title>\n<meta name=\"robots\" content=\"index, follow, max-snippet:-1, max-image-preview:large, max-video-preview:-1\" \/>\n<link rel=\"canonical\" href=\"https:\/\/www.bimbibellidischia.it\/?product=bavaglino-bandana-confezione-da-2-bianco-newborn-naturals-baby-coniglio\" \/>\n<meta property=\"og:locale\" content=\"it_IT\" \/>\n<meta property=\"og:type\" content=\"article\" \/>\n<meta property=\"og:title\" content=\"Bavaglino bandana confezione da 2 - Bianco - Newborn Naturals - Baby Coniglio | Bimbi Belli d&#039;Ischia\" \/>\n<meta property=\"og:description\" content=\"Mantieni l&#8217;abbigliamento del tuo piccolo asciutto ed elegante durante la dentizione con questo bavaglino bandana. Il tessuto in mussola, realizzato...\" \/>\n<meta property=\"og:url\" content=\"https:\/\/www.bimbibellidischia.it\/?product=bavaglino-bandana-confezione-da-2-bianco-newborn-naturals-baby-coniglio\" \/>\n<meta property=\"og:site_name\" content=\"Bimbi Belli d&#039;Ischia\" \/>\n<meta property=\"article:publisher\" content=\"https:\/\/www.facebook.com\/bimbibellidischia\/\" \/>\n<meta property=\"article:modified_time\" content=\"2026-01-27T11:38:17+00:00\" \/>\n<meta property=\"og:image\" content=\"https:\/\/www.bimbibellidischia.it\/wp-content\/uploads\/2025\/11\/0031826_2-pack-bandana-slab-wit-newborn-naturals-baby-bunny.webp\" \/>\n\t<meta property=\"og:image:width\" content=\"480\" \/>\n\t<meta property=\"og:image:height\" content=\"480\" \/>\n\t<meta property=\"og:image:type\" content=\"image\/webp\" \/>\n<meta name=\"twitter:card\" content=\"summary_large_image\" \/>\n<meta name=\"twitter:label1\" content=\"Tempo di lettura stimato\" \/>\n\t<meta name=\"twitter:data1\" content=\"1 minuto\" \/>\n<script type=\"application\/ld+json\" class=\"yoast-schema-graph\">{\"@context\":\"https:\\\/\\\/schema.org\",\"@graph\":[{\"@type\":\"WebPage\",\"@id\":\"https:\\\/\\\/www.bimbibellidischia.it\\\/?product=bavaglino-bandana-confezione-da-2-bianco-newborn-naturals-baby-coniglio\",\"url\":\"https:\\\/\\\/www.bimbibellidischia.it\\\/?product=bavaglino-bandana-confezione-da-2-bianco-newborn-naturals-baby-coniglio\",\"name\":\"Bavaglino bandana confezione da 2 - Bianco - Newborn Naturals - Baby Coniglio | Bimbi Belli d'Ischia\",\"isPartOf\":{\"@id\":\"https:\\\/\\\/www.bimbibellidischia.it\\\/#website\"},\"primaryImageOfPage\":{\"@id\":\"https:\\\/\\\/www.bimbibellidischia.it\\\/?product=bavaglino-bandana-confezione-da-2-bianco-newborn-naturals-baby-coniglio#primaryimage\"},\"image\":{\"@id\":\"https:\\\/\\\/www.bimbibellidischia.it\\\/?product=bavaglino-bandana-confezione-da-2-bianco-newborn-naturals-baby-coniglio#primaryimage\"},\"thumbnailUrl\":\"https:\\\/\\\/www.bimbibellidischia.it\\\/wp-content\\\/uploads\\\/2025\\\/11\\\/0031826_2-pack-bandana-slab-wit-newborn-naturals-baby-bunny.webp\",\"datePublished\":\"2025-11-08T16:35:25+00:00\",\"dateModified\":\"2026-01-27T11:38:17+00:00\",\"breadcrumb\":{\"@id\":\"https:\\\/\\\/www.bimbibellidischia.it\\\/?product=bavaglino-bandana-confezione-da-2-bianco-newborn-naturals-baby-coniglio#breadcrumb\"},\"inLanguage\":\"it-IT\",\"potentialAction\":[{\"@type\":\"ReadAction\",\"target\":[\"https:\\\/\\\/www.bimbibellidischia.it\\\/?product=bavaglino-bandana-confezione-da-2-bianco-newborn-naturals-baby-coniglio\"]}]},{\"@type\":\"ImageObject\",\"inLanguage\":\"it-IT\",\"@id\":\"https:\\\/\\\/www.bimbibellidischia.it\\\/?product=bavaglino-bandana-confezione-da-2-bianco-newborn-naturals-baby-coniglio#primaryimage\",\"url\":\"https:\\\/\\\/www.bimbibellidischia.it\\\/wp-content\\\/uploads\\\/2025\\\/11\\\/0031826_2-pack-bandana-slab-wit-newborn-naturals-baby-bunny.webp\",\"contentUrl\":\"https:\\\/\\\/www.bimbibellidischia.it\\\/wp-content\\\/uploads\\\/2025\\\/11\\\/0031826_2-pack-bandana-slab-wit-newborn-naturals-baby-bunny.webp\",\"width\":480,\"height\":480},{\"@type\":\"BreadcrumbList\",\"@id\":\"https:\\\/\\\/www.bimbibellidischia.it\\\/?product=bavaglino-bandana-confezione-da-2-bianco-newborn-naturals-baby-coniglio#breadcrumb\",\"itemListElement\":[{\"@type\":\"ListItem\",\"position\":1,\"name\":\"Home\",\"item\":\"https:\\\/\\\/www.bimbibellidischia.it\\\/\"},{\"@type\":\"ListItem\",\"position\":2,\"name\":\"Shop\",\"item\":\"https:\\\/\\\/www.bimbibellidischia.it\\\/?page_id=870\"},{\"@type\":\"ListItem\",\"position\":3,\"name\":\"Bavaglino bandana confezione da 2 &#8211; Bianco &#8211; Newborn Naturals &#8211; Baby Coniglio\"}]},{\"@type\":\"WebSite\",\"@id\":\"https:\\\/\\\/www.bimbibellidischia.it\\\/#website\",\"url\":\"https:\\\/\\\/www.bimbibellidischia.it\\\/\",\"name\":\"Bimbi Belli d'Ischia\",\"description\":\"\",\"publisher\":{\"@id\":\"https:\\\/\\\/www.bimbibellidischia.it\\\/#organization\"},\"potentialAction\":[{\"@type\":\"SearchAction\",\"target\":{\"@type\":\"EntryPoint\",\"urlTemplate\":\"https:\\\/\\\/www.bimbibellidischia.it\\\/?s={search_term_string}\"},\"query-input\":{\"@type\":\"PropertyValueSpecification\",\"valueRequired\":true,\"valueName\":\"search_term_string\"}}],\"inLanguage\":\"it-IT\"},{\"@type\":\"Organization\",\"@id\":\"https:\\\/\\\/www.bimbibellidischia.it\\\/#organization\",\"name\":\"Bimbi Belli d'Ischia\",\"url\":\"https:\\\/\\\/www.bimbibellidischia.it\\\/\",\"logo\":{\"@type\":\"ImageObject\",\"inLanguage\":\"it-IT\",\"@id\":\"https:\\\/\\\/www.bimbibellidischia.it\\\/#\\\/schema\\\/logo\\\/image\\\/\",\"url\":\"https:\\\/\\\/www.bimbibellidischia.it\\\/wp-content\\\/uploads\\\/2020\\\/07\\\/cropped-bigliettino_avanti2__1_-removebg-2.png\",\"contentUrl\":\"https:\\\/\\\/www.bimbibellidischia.it\\\/wp-content\\\/uploads\\\/2020\\\/07\\\/cropped-bigliettino_avanti2__1_-removebg-2.png\",\"width\":200,\"height\":59,\"caption\":\"Bimbi Belli d'Ischia\"},\"image\":{\"@id\":\"https:\\\/\\\/www.bimbibellidischia.it\\\/#\\\/schema\\\/logo\\\/image\\\/\"},\"sameAs\":[\"https:\\\/\\\/www.facebook.com\\\/bimbibellidischia\\\/\",\"https:\\\/\\\/www.instagram.com\\\/bimbibellidischia\\\/\"]}]}<\/script>\n<!-- \/ Yoast SEO plugin. -->","yoast_head_json":{"title":"Bavaglino bandana confezione da 2 - Bianco - Newborn Naturals - Baby Coniglio | Bimbi Belli d'Ischia","robots":{"index":"index","follow":"follow","max-snippet":"max-snippet:-1","max-image-preview":"max-image-preview:large","max-video-preview":"max-video-preview:-1"},"canonical":"https:\/\/www.bimbibellidischia.it\/?product=bavaglino-bandana-confezione-da-2-bianco-newborn-naturals-baby-coniglio","og_locale":"it_IT","og_type":"article","og_title":"Bavaglino bandana confezione da 2 - Bianco - Newborn Naturals - Baby Coniglio | Bimbi Belli d'Ischia","og_description":"Mantieni l&#8217;abbigliamento del tuo piccolo asciutto ed elegante durante la dentizione con questo bavaglino bandana. Il tessuto in mussola, realizzato...","og_url":"https:\/\/www.bimbibellidischia.it\/?product=bavaglino-bandana-confezione-da-2-bianco-newborn-naturals-baby-coniglio","og_site_name":"Bimbi Belli d'Ischia","article_publisher":"https:\/\/www.facebook.com\/bimbibellidischia\/","article_modified_time":"2026-01-27T11:38:17+00:00","og_image":[{"width":480,"height":480,"url":"https:\/\/www.bimbibellidischia.it\/wp-content\/uploads\/2025\/11\/0031826_2-pack-bandana-slab-wit-newborn-naturals-baby-bunny.webp","type":"image\/webp"}],"twitter_card":"summary_large_image","twitter_misc":{"Tempo di lettura stimato":"1 minuto"},"schema":{"@context":"https:\/\/schema.org","@graph":[{"@type":"WebPage","@id":"https:\/\/www.bimbibellidischia.it\/?product=bavaglino-bandana-confezione-da-2-bianco-newborn-naturals-baby-coniglio","url":"https:\/\/www.bimbibellidischia.it\/?product=bavaglino-bandana-confezione-da-2-bianco-newborn-naturals-baby-coniglio","name":"Bavaglino bandana confezione da 2 - Bianco - Newborn Naturals - Baby Coniglio | Bimbi Belli d'Ischia","isPartOf":{"@id":"https:\/\/www.bimbibellidischia.it\/#website"},"primaryImageOfPage":{"@id":"https:\/\/www.bimbibellidischia.it\/?product=bavaglino-bandana-confezione-da-2-bianco-newborn-naturals-baby-coniglio#primaryimage"},"image":{"@id":"https:\/\/www.bimbibellidischia.it\/?product=bavaglino-bandana-confezione-da-2-bianco-newborn-naturals-baby-coniglio#primaryimage"},"thumbnailUrl":"https:\/\/www.bimbibellidischia.it\/wp-content\/uploads\/2025\/11\/0031826_2-pack-bandana-slab-wit-newborn-naturals-baby-bunny.webp","datePublished":"2025-11-08T16:35:25+00:00","dateModified":"2026-01-27T11:38:17+00:00","breadcrumb":{"@id":"https:\/\/www.bimbibellidischia.it\/?product=bavaglino-bandana-confezione-da-2-bianco-newborn-naturals-baby-coniglio#breadcrumb"},"inLanguage":"it-IT","potentialAction":[{"@type":"ReadAction","target":["https:\/\/www.bimbibellidischia.it\/?product=bavaglino-bandana-confezione-da-2-bianco-newborn-naturals-baby-coniglio"]}]},{"@type":"ImageObject","inLanguage":"it-IT","@id":"https:\/\/www.bimbibellidischia.it\/?product=bavaglino-bandana-confezione-da-2-bianco-newborn-naturals-baby-coniglio#primaryimage","url":"https:\/\/www.bimbibellidischia.it\/wp-content\/uploads\/2025\/11\/0031826_2-pack-bandana-slab-wit-newborn-naturals-baby-bunny.webp","contentUrl":"https:\/\/www.bimbibellidischia.it\/wp-content\/uploads\/2025\/11\/0031826_2-pack-bandana-slab-wit-newborn-naturals-baby-bunny.webp","width":480,"height":480},{"@type":"BreadcrumbList","@id":"https:\/\/www.bimbibellidischia.it\/?product=bavaglino-bandana-confezione-da-2-bianco-newborn-naturals-baby-coniglio#breadcrumb","itemListElement":[{"@type":"ListItem","position":1,"name":"Home","item":"https:\/\/www.bimbibellidischia.it\/"},{"@type":"ListItem","position":2,"name":"Shop","item":"https:\/\/www.bimbibellidischia.it\/?page_id=870"},{"@type":"ListItem","position":3,"name":"Bavaglino bandana confezione da 2 &#8211; Bianco &#8211; Newborn Naturals &#8211; Baby Coniglio"}]},{"@type":"WebSite","@id":"https:\/\/www.bimbibellidischia.it\/#website","url":"https:\/\/www.bimbibellidischia.it\/","name":"Bimbi Belli d'Ischia","description":"","publisher":{"@id":"https:\/\/www.bimbibellidischia.it\/#organization"},"potentialAction":[{"@type":"SearchAction","target":{"@type":"EntryPoint","urlTemplate":"https:\/\/www.bimbibellidischia.it\/?s={search_term_string}"},"query-input":{"@type":"PropertyValueSpecification","valueRequired":true,"valueName":"search_term_string"}}],"inLanguage":"it-IT"},{"@type":"Organization","@id":"https:\/\/www.bimbibellidischia.it\/#organization","name":"Bimbi Belli d'Ischia","url":"https:\/\/www.bimbibellidischia.it\/","logo":{"@type":"ImageObject","inLanguage":"it-IT","@id":"https:\/\/www.bimbibellidischia.it\/#\/schema\/logo\/image\/","url":"https:\/\/www.bimbibellidischia.it\/wp-content\/uploads\/2020\/07\/cropped-bigliettino_avanti2__1_-removebg-2.png","contentUrl":"https:\/\/www.bimbibellidischia.it\/wp-content\/uploads\/2020\/07\/cropped-bigliettino_avanti2__1_-removebg-2.png","width":200,"height":59,"caption":"Bimbi Belli d'Ischia"},"image":{"@id":"https:\/\/www.bimbibellidischia.it\/#\/schema\/logo\/image\/"},"sameAs":["https:\/\/www.facebook.com\/bimbibellidischia\/","https:\/\/www.instagram.com\/bimbibellidischia\/"]}]}},"jetpack_sharing_enabled":true,"_links":{"self":[{"href":"https:\/\/www.bimbibellidischia.it\/index.php?rest_route=\/wp\/v2\/product\/22257","targetHints":{"allow":["GET"]}}],"collection":[{"href":"https:\/\/www.bimbibellidischia.it\/index.php?rest_route=\/wp\/v2\/product"}],"about":[{"href":"https:\/\/www.bimbibellidischia.it\/index.php?rest_route=\/wp\/v2\/types\/product"}],"replies":[{"embeddable":true,"href":"https:\/\/www.bimbibellidischia.it\/index.php?rest_route=%2Fwp%2Fv2%2Fcomments&post=22257"}],"wp:featuredmedia":[{"embeddable":true,"href":"https:\/\/www.bimbibellidischia.it\/index.php?rest_route=\/wp\/v2\/media\/22259"}],"wp:attachment":[{"href":"https:\/\/www.bimbibellidischia.it\/index.php?rest_route=%2Fwp%2Fv2%2Fmedia&parent=22257"}],"wp:term":[{"taxonomy":"product_brand","embeddable":true,"href":"https:\/\/www.bimbibellidischia.it\/index.php?rest_route=%2Fwp%2Fv2%2Fproduct_brand&post=22257"},{"taxonomy":"product_cat","embeddable":true,"href":"https:\/\/www.bimbibellidischia.it\/index.php?rest_route=%2Fwp%2Fv2%2Fproduct_cat&post=22257"},{"taxonomy":"product_tag","embeddable":true,"href":"https:\/\/www.bimbibellidischia.it\/index.php?rest_route=%2Fwp%2Fv2%2Fproduct_tag&post=22257"}],"curies":[{"name":"wp","href":"https:\/\/api.w.org\/{rel}","templated":true}]}}