{"id":8766,"date":"2022-10-27T17:36:22","date_gmt":"2022-10-27T15:36:22","guid":{"rendered":"https:\/\/www.bimbibellidischia.it\/?post_type=product&#038;p=8766"},"modified":"2026-03-31T18:09:06","modified_gmt":"2026-03-31T16:09:06","slug":"doudou-neonato-con-cuore","status":"publish","type":"product","link":"https:\/\/www.bimbibellidischia.it\/?product=doudou-neonato-con-cuore","title":{"rendered":"Doudou neonato con cuore"},"content":{"rendered":"<p>Doudou neonato iDO realizzato in ciniglia a forma di cuore. Il doudou sar\u00e0 il primo peluche del nuovo arrivato: per questo \u00e8 uno dei regali pi\u00f9 apprezzati e ricercati<\/p>\n<p>Composizione: 80%Cotone 20%Poliestere<\/p>\n","protected":false},"excerpt":{"rendered":"<p>Doudou neonato iDO realizzato in ciniglia a forma di cuore. Il doudou sar\u00e0 il primo peluche del nuovo arrivato: per&#8230;<\/p>\n","protected":false},"featured_media":8767,"comment_status":"open","ping_status":"closed","template":"","meta":{"_joinchat":[]},"product_brand":[],"product_cat":[220,268,269,276],"product_tag":[],"class_list":{"0":"post-8766","1":"product","2":"type-product","3":"status-publish","4":"has-post-thumbnail","6":"product_cat-accessori-neonato","7":"product_cat-altri-neonato","8":"product_cat-free-time-neonato","9":"product_cat-marchio-ido-bimbibelli","11":"first","12":"instock","13":"sold-individually","14":"shipping-taxable","15":"purchasable","16":"product-type-simple"},"yoast_head":"<!-- This site is optimized with the Yoast SEO plugin v27.3 - https:\/\/yoast.com\/product\/yoast-seo-wordpress\/ -->\n<title>Doudou neonato con cuore | Bimbi Belli d&#039;Ischia<\/title>\n<meta name=\"description\" content=\"Doudou neonato iDO realizzato in ciniglia a forma di cuore. Il doudou sar\u00e0 il primo peluche del nuovo arrivato: per questo \u00e8 uno dei regali pi\u00f9 apprezzati e ricercati\" \/>\n<meta name=\"robots\" content=\"index, follow, max-snippet:-1, max-image-preview:large, max-video-preview:-1\" \/>\n<link rel=\"canonical\" href=\"https:\/\/www.bimbibellidischia.it\/?product=doudou-neonato-con-cuore\" \/>\n<meta property=\"og:locale\" content=\"it_IT\" \/>\n<meta property=\"og:type\" content=\"article\" \/>\n<meta property=\"og:title\" content=\"Doudou neonato con cuore | Bimbi Belli d&#039;Ischia\" \/>\n<meta property=\"og:description\" content=\"Doudou neonato iDO realizzato in ciniglia a forma di cuore. Il doudou sar\u00e0 il primo peluche del nuovo arrivato: per questo \u00e8 uno dei regali pi\u00f9 apprezzati e ricercati\" \/>\n<meta property=\"og:url\" content=\"https:\/\/www.bimbibellidischia.it\/?product=doudou-neonato-con-cuore\" \/>\n<meta property=\"og:site_name\" content=\"Bimbi Belli d&#039;Ischia\" \/>\n<meta property=\"article:publisher\" content=\"https:\/\/www.facebook.com\/bimbibellidischia\/\" \/>\n<meta property=\"article:modified_time\" content=\"2026-03-31T16:09:06+00:00\" \/>\n<meta property=\"og:image\" content=\"https:\/\/www.bimbibellidischia.it\/wp-content\/uploads\/2022\/10\/313075019_648582356910863_6849098843943536746_n.jpg\" \/>\n\t<meta property=\"og:image:width\" content=\"1000\" \/>\n\t<meta property=\"og:image:height\" content=\"1000\" \/>\n\t<meta property=\"og:image:type\" content=\"image\/jpeg\" \/>\n<meta name=\"twitter:card\" content=\"summary_large_image\" \/>\n<meta name=\"twitter:label1\" content=\"Tempo di lettura stimato\" \/>\n\t<meta name=\"twitter:data1\" content=\"1 minuto\" \/>\n<script type=\"application\/ld+json\" class=\"yoast-schema-graph\">{\"@context\":\"https:\\\/\\\/schema.org\",\"@graph\":[{\"@type\":\"WebPage\",\"@id\":\"https:\\\/\\\/www.bimbibellidischia.it\\\/?product=doudou-neonato-con-cuore\",\"url\":\"https:\\\/\\\/www.bimbibellidischia.it\\\/?product=doudou-neonato-con-cuore\",\"name\":\"Doudou neonato con cuore | Bimbi Belli d'Ischia\",\"isPartOf\":{\"@id\":\"https:\\\/\\\/www.bimbibellidischia.it\\\/#website\"},\"primaryImageOfPage\":{\"@id\":\"https:\\\/\\\/www.bimbibellidischia.it\\\/?product=doudou-neonato-con-cuore#primaryimage\"},\"image\":{\"@id\":\"https:\\\/\\\/www.bimbibellidischia.it\\\/?product=doudou-neonato-con-cuore#primaryimage\"},\"thumbnailUrl\":\"https:\\\/\\\/www.bimbibellidischia.it\\\/wp-content\\\/uploads\\\/2022\\\/10\\\/313075019_648582356910863_6849098843943536746_n.jpg\",\"datePublished\":\"2022-10-27T15:36:22+00:00\",\"dateModified\":\"2026-03-31T16:09:06+00:00\",\"description\":\"Doudou neonato iDO realizzato in ciniglia a forma di cuore. Il doudou sar\u00e0 il primo peluche del nuovo arrivato: per questo \u00e8 uno dei regali pi\u00f9 apprezzati e ricercati\",\"breadcrumb\":{\"@id\":\"https:\\\/\\\/www.bimbibellidischia.it\\\/?product=doudou-neonato-con-cuore#breadcrumb\"},\"inLanguage\":\"it-IT\",\"potentialAction\":[{\"@type\":\"ReadAction\",\"target\":[\"https:\\\/\\\/www.bimbibellidischia.it\\\/?product=doudou-neonato-con-cuore\"]}]},{\"@type\":\"ImageObject\",\"inLanguage\":\"it-IT\",\"@id\":\"https:\\\/\\\/www.bimbibellidischia.it\\\/?product=doudou-neonato-con-cuore#primaryimage\",\"url\":\"https:\\\/\\\/www.bimbibellidischia.it\\\/wp-content\\\/uploads\\\/2022\\\/10\\\/313075019_648582356910863_6849098843943536746_n.jpg\",\"contentUrl\":\"https:\\\/\\\/www.bimbibellidischia.it\\\/wp-content\\\/uploads\\\/2022\\\/10\\\/313075019_648582356910863_6849098843943536746_n.jpg\",\"width\":1000,\"height\":1000},{\"@type\":\"BreadcrumbList\",\"@id\":\"https:\\\/\\\/www.bimbibellidischia.it\\\/?product=doudou-neonato-con-cuore#breadcrumb\",\"itemListElement\":[{\"@type\":\"ListItem\",\"position\":1,\"name\":\"Home\",\"item\":\"https:\\\/\\\/www.bimbibellidischia.it\\\/\"},{\"@type\":\"ListItem\",\"position\":2,\"name\":\"Shop\",\"item\":\"https:\\\/\\\/www.bimbibellidischia.it\\\/?page_id=870\"},{\"@type\":\"ListItem\",\"position\":3,\"name\":\"Doudou neonato con cuore\"}]},{\"@type\":\"WebSite\",\"@id\":\"https:\\\/\\\/www.bimbibellidischia.it\\\/#website\",\"url\":\"https:\\\/\\\/www.bimbibellidischia.it\\\/\",\"name\":\"Bimbi Belli d'Ischia\",\"description\":\"\",\"publisher\":{\"@id\":\"https:\\\/\\\/www.bimbibellidischia.it\\\/#organization\"},\"potentialAction\":[{\"@type\":\"SearchAction\",\"target\":{\"@type\":\"EntryPoint\",\"urlTemplate\":\"https:\\\/\\\/www.bimbibellidischia.it\\\/?s={search_term_string}\"},\"query-input\":{\"@type\":\"PropertyValueSpecification\",\"valueRequired\":true,\"valueName\":\"search_term_string\"}}],\"inLanguage\":\"it-IT\"},{\"@type\":\"Organization\",\"@id\":\"https:\\\/\\\/www.bimbibellidischia.it\\\/#organization\",\"name\":\"Bimbi Belli d'Ischia\",\"url\":\"https:\\\/\\\/www.bimbibellidischia.it\\\/\",\"logo\":{\"@type\":\"ImageObject\",\"inLanguage\":\"it-IT\",\"@id\":\"https:\\\/\\\/www.bimbibellidischia.it\\\/#\\\/schema\\\/logo\\\/image\\\/\",\"url\":\"https:\\\/\\\/www.bimbibellidischia.it\\\/wp-content\\\/uploads\\\/2020\\\/07\\\/cropped-bigliettino_avanti2__1_-removebg-2.png\",\"contentUrl\":\"https:\\\/\\\/www.bimbibellidischia.it\\\/wp-content\\\/uploads\\\/2020\\\/07\\\/cropped-bigliettino_avanti2__1_-removebg-2.png\",\"width\":200,\"height\":59,\"caption\":\"Bimbi Belli d'Ischia\"},\"image\":{\"@id\":\"https:\\\/\\\/www.bimbibellidischia.it\\\/#\\\/schema\\\/logo\\\/image\\\/\"},\"sameAs\":[\"https:\\\/\\\/www.facebook.com\\\/bimbibellidischia\\\/\",\"https:\\\/\\\/www.instagram.com\\\/bimbibellidischia\\\/\"]}]}<\/script>\n<!-- \/ Yoast SEO plugin. -->","yoast_head_json":{"title":"Doudou neonato con cuore | Bimbi Belli d'Ischia","description":"Doudou neonato iDO realizzato in ciniglia a forma di cuore. Il doudou sar\u00e0 il primo peluche del nuovo arrivato: per questo \u00e8 uno dei regali pi\u00f9 apprezzati e ricercati","robots":{"index":"index","follow":"follow","max-snippet":"max-snippet:-1","max-image-preview":"max-image-preview:large","max-video-preview":"max-video-preview:-1"},"canonical":"https:\/\/www.bimbibellidischia.it\/?product=doudou-neonato-con-cuore","og_locale":"it_IT","og_type":"article","og_title":"Doudou neonato con cuore | Bimbi Belli d'Ischia","og_description":"Doudou neonato iDO realizzato in ciniglia a forma di cuore. Il doudou sar\u00e0 il primo peluche del nuovo arrivato: per questo \u00e8 uno dei regali pi\u00f9 apprezzati e ricercati","og_url":"https:\/\/www.bimbibellidischia.it\/?product=doudou-neonato-con-cuore","og_site_name":"Bimbi Belli d'Ischia","article_publisher":"https:\/\/www.facebook.com\/bimbibellidischia\/","article_modified_time":"2026-03-31T16:09:06+00:00","og_image":[{"width":1000,"height":1000,"url":"https:\/\/www.bimbibellidischia.it\/wp-content\/uploads\/2022\/10\/313075019_648582356910863_6849098843943536746_n.jpg","type":"image\/jpeg"}],"twitter_card":"summary_large_image","twitter_misc":{"Tempo di lettura stimato":"1 minuto"},"schema":{"@context":"https:\/\/schema.org","@graph":[{"@type":"WebPage","@id":"https:\/\/www.bimbibellidischia.it\/?product=doudou-neonato-con-cuore","url":"https:\/\/www.bimbibellidischia.it\/?product=doudou-neonato-con-cuore","name":"Doudou neonato con cuore | Bimbi Belli d'Ischia","isPartOf":{"@id":"https:\/\/www.bimbibellidischia.it\/#website"},"primaryImageOfPage":{"@id":"https:\/\/www.bimbibellidischia.it\/?product=doudou-neonato-con-cuore#primaryimage"},"image":{"@id":"https:\/\/www.bimbibellidischia.it\/?product=doudou-neonato-con-cuore#primaryimage"},"thumbnailUrl":"https:\/\/www.bimbibellidischia.it\/wp-content\/uploads\/2022\/10\/313075019_648582356910863_6849098843943536746_n.jpg","datePublished":"2022-10-27T15:36:22+00:00","dateModified":"2026-03-31T16:09:06+00:00","description":"Doudou neonato iDO realizzato in ciniglia a forma di cuore. Il doudou sar\u00e0 il primo peluche del nuovo arrivato: per questo \u00e8 uno dei regali pi\u00f9 apprezzati e ricercati","breadcrumb":{"@id":"https:\/\/www.bimbibellidischia.it\/?product=doudou-neonato-con-cuore#breadcrumb"},"inLanguage":"it-IT","potentialAction":[{"@type":"ReadAction","target":["https:\/\/www.bimbibellidischia.it\/?product=doudou-neonato-con-cuore"]}]},{"@type":"ImageObject","inLanguage":"it-IT","@id":"https:\/\/www.bimbibellidischia.it\/?product=doudou-neonato-con-cuore#primaryimage","url":"https:\/\/www.bimbibellidischia.it\/wp-content\/uploads\/2022\/10\/313075019_648582356910863_6849098843943536746_n.jpg","contentUrl":"https:\/\/www.bimbibellidischia.it\/wp-content\/uploads\/2022\/10\/313075019_648582356910863_6849098843943536746_n.jpg","width":1000,"height":1000},{"@type":"BreadcrumbList","@id":"https:\/\/www.bimbibellidischia.it\/?product=doudou-neonato-con-cuore#breadcrumb","itemListElement":[{"@type":"ListItem","position":1,"name":"Home","item":"https:\/\/www.bimbibellidischia.it\/"},{"@type":"ListItem","position":2,"name":"Shop","item":"https:\/\/www.bimbibellidischia.it\/?page_id=870"},{"@type":"ListItem","position":3,"name":"Doudou neonato con cuore"}]},{"@type":"WebSite","@id":"https:\/\/www.bimbibellidischia.it\/#website","url":"https:\/\/www.bimbibellidischia.it\/","name":"Bimbi Belli d'Ischia","description":"","publisher":{"@id":"https:\/\/www.bimbibellidischia.it\/#organization"},"potentialAction":[{"@type":"SearchAction","target":{"@type":"EntryPoint","urlTemplate":"https:\/\/www.bimbibellidischia.it\/?s={search_term_string}"},"query-input":{"@type":"PropertyValueSpecification","valueRequired":true,"valueName":"search_term_string"}}],"inLanguage":"it-IT"},{"@type":"Organization","@id":"https:\/\/www.bimbibellidischia.it\/#organization","name":"Bimbi Belli d'Ischia","url":"https:\/\/www.bimbibellidischia.it\/","logo":{"@type":"ImageObject","inLanguage":"it-IT","@id":"https:\/\/www.bimbibellidischia.it\/#\/schema\/logo\/image\/","url":"https:\/\/www.bimbibellidischia.it\/wp-content\/uploads\/2020\/07\/cropped-bigliettino_avanti2__1_-removebg-2.png","contentUrl":"https:\/\/www.bimbibellidischia.it\/wp-content\/uploads\/2020\/07\/cropped-bigliettino_avanti2__1_-removebg-2.png","width":200,"height":59,"caption":"Bimbi Belli d'Ischia"},"image":{"@id":"https:\/\/www.bimbibellidischia.it\/#\/schema\/logo\/image\/"},"sameAs":["https:\/\/www.facebook.com\/bimbibellidischia\/","https:\/\/www.instagram.com\/bimbibellidischia\/"]}]}},"jetpack_sharing_enabled":true,"_links":{"self":[{"href":"https:\/\/www.bimbibellidischia.it\/index.php?rest_route=\/wp\/v2\/product\/8766","targetHints":{"allow":["GET"]}}],"collection":[{"href":"https:\/\/www.bimbibellidischia.it\/index.php?rest_route=\/wp\/v2\/product"}],"about":[{"href":"https:\/\/www.bimbibellidischia.it\/index.php?rest_route=\/wp\/v2\/types\/product"}],"replies":[{"embeddable":true,"href":"https:\/\/www.bimbibellidischia.it\/index.php?rest_route=%2Fwp%2Fv2%2Fcomments&post=8766"}],"wp:featuredmedia":[{"embeddable":true,"href":"https:\/\/www.bimbibellidischia.it\/index.php?rest_route=\/wp\/v2\/media\/8767"}],"wp:attachment":[{"href":"https:\/\/www.bimbibellidischia.it\/index.php?rest_route=%2Fwp%2Fv2%2Fmedia&parent=8766"}],"wp:term":[{"taxonomy":"product_brand","embeddable":true,"href":"https:\/\/www.bimbibellidischia.it\/index.php?rest_route=%2Fwp%2Fv2%2Fproduct_brand&post=8766"},{"taxonomy":"product_cat","embeddable":true,"href":"https:\/\/www.bimbibellidischia.it\/index.php?rest_route=%2Fwp%2Fv2%2Fproduct_cat&post=8766"},{"taxonomy":"product_tag","embeddable":true,"href":"https:\/\/www.bimbibellidischia.it\/index.php?rest_route=%2Fwp%2Fv2%2Fproduct_tag&post=8766"}],"curies":[{"name":"wp","href":"https:\/\/api.w.org\/{rel}","templated":true}]}}